{"id":19,"date":"2014-10-13T08:27:42","date_gmt":"2014-10-13T06:27:42","guid":{"rendered":"http:\/\/uhv.sav.sk\/new2\/en\/?page_id=19"},"modified":"2019-06-26T22:55:04","modified_gmt":"2019-06-26T20:55:04","slug":"musicologica-slovaca","status":"publish","type":"page","link":"https:\/\/uhv.sav.sk\/en\/editorial-activities\/musicologica-slovaca\/","title":{"rendered":"Musicologica Slovaca"},"content":{"rendered":"<p style=\"text-align: justify;\">Musicologica Slovaca is the Institute&#8217;s of Musicology peer-reviewed scholarly journal. First issued in 1969, it continued 1970\u00a0through 2008 as a non-periodical, and 1992 through 2008 under the extended title Musicologica Slovaca et Europaea. In 2010 the journal was renewed under the original title and with a periodicity of twice a year. The numbering of volumes dates back to the year of the journal&#8217;s renewal (2010), the continuity with previous years and volumes is maintained by the number in brackets following the volume number.<\/p>\n<p style=\"text-align: justify;\">The journal publishes results of basic and applied research in the areas of historical musicology, ethnomusicology and systematic musicology. Publishing space is offered to authors from Slovakia and abroad. Papers are published in Slovak, Czech, English and German languages. Each volume&#8217;s structure includes research studies, materials, discussions, profiles, reviews and reports.<\/p>\n<p><a href=\"http:\/\/uhv.sav.sk\/archiv\/\">Archive of complete numbers from the year 2010<\/a><\/p>\n<p style=\"text-align: justify;\"><strong>Address<\/strong><br \/>\nMusicologica Slovaca<br \/>\nD\u00fabravsk\u00e1 cesta 9<br \/>\n841 04 Bratislava 4<br \/>\ntel.\/fax: 02\/ 5477 3589<br \/>\nE-mail: <a href=\"mailto:musicologica.slovaca@savba.sk\">musicologica.slovaca@savba.sk<\/a><\/p>\n<p style=\"text-align: justify;\"><strong>Editor-in-chief<\/strong><br \/>\nHana Urbancov\u00e1<\/p>\n<p style=\"text-align: justify;\"><strong>Editor<\/strong><br \/>\nKatar\u00edna God\u00e1rov\u00e1<\/p>\n<p style=\"text-align: justify;\"><strong>Editorial board<\/strong><br \/>\nZsuzsa Czag\u00e1ny (Hungary), Ladislav Ka\u010dic, Jana Lengov\u00e1, Janka Pet\u0151czov\u00e1, Barbara Przybyszewska-Jarmi\u0144ska (Poland), Jarmila Proch\u00e1zkov\u00e1 (Czech Republic), Ivana Rentsch (Switzerland), Peter Ru\u0161\u010din, Mark\u00e9ta \u0160tefkov\u00e1, Jadranka Va\u017eanov\u00e1 (USA), Eva Veselovsk\u00e1<\/p>\n<p style=\"text-align: justify;\"><strong>Ordering address:<\/strong><br \/>\nAEPress, s.r.o.<br \/>\nBajzova 7<br \/>\n821 08 Bratislava<br \/>\nSlovak Republic<br \/>\nfax: +4212-43637986<br \/>\nE-mail: <a href=\"mailto:koresp@aepress.sk\">koresp@aepress.sk<\/a><\/p>\n<p style=\"text-align: justify;\"><strong>Electronic version<\/strong><br \/>\n<a href=\"http:\/\/www.sav.sk\/index.php?lang=sk&amp;doc=journal-list&amp;journal_no=78\">www.sav.sk<\/a> (od roku 1969)<br \/>\n<a href=\"http:\/\/www.elis.sk\/\">www.elis.sk<\/a> (od roku 2011)<\/p>\n<p style=\"text-align: justify;\">Musicologica Slovaca is indexed in the following databases:<br \/>\nCEJSH<br \/>\nRILM<\/p>\n<p style=\"text-align: justify;\"><a href=\"http:\/\/uhv.sav.sk\/wp-content\/uploads\/2014\/09\/Pokyny-pre-prispievatelov-ENG.pdf\">Instructions to authors<\/a><\/p>\n","protected":false},"excerpt":{"rendered":"<p>Musicologica Slovaca is the Institute&#8217;s of Musicology peer-reviewed scholarly journal. First issued in 1969, it continued 1970\u00a0through 2008 as a non-periodical, and 1992 through 2008 under the extended title Musicologica Slovaca et Europaea. In 2010 the journal was renewed under &hellip; <a href=\"https:\/\/uhv.sav.sk\/en\/editorial-activities\/musicologica-slovaca\/\">Continue reading <span class=\"meta-nav\">&rarr;<\/span><\/a><\/p>\n","protected":false},"author":1,"featured_media":0,"parent":15,"menu_order":0,"comment_status":"closed","ping_status":"closed","template":"","meta":{"_links_to":"","_links_to_target":""},"_links":{"self":[{"href":"https:\/\/uhv.sav.sk\/en\/wp-json\/wp\/v2\/pages\/19"}],"collection":[{"href":"https:\/\/uhv.sav.sk\/en\/wp-json\/wp\/v2\/pages"}],"about":[{"href":"https:\/\/uhv.sav.sk\/en\/wp-json\/wp\/v2\/types\/page"}],"author":[{"embeddable":true,"href":"https:\/\/uhv.sav.sk\/en\/wp-json\/wp\/v2\/users\/1"}],"replies":[{"embeddable":true,"href":"https:\/\/uhv.sav.sk\/en\/wp-json\/wp\/v2\/comments?post=19"}],"version-history":[{"count":12,"href":"https:\/\/uhv.sav.sk\/en\/wp-json\/wp\/v2\/pages\/19\/revisions"}],"predecessor-version":[{"id":382,"href":"https:\/\/uhv.sav.sk\/en\/wp-json\/wp\/v2\/pages\/19\/revisions\/382"}],"up":[{"embeddable":true,"href":"https:\/\/uhv.sav.sk\/en\/wp-json\/wp\/v2\/pages\/15"}],"wp:attachment":[{"href":"https:\/\/uhv.sav.sk\/en\/wp-json\/wp\/v2\/media?parent=19"}],"curies":[{"name":"wp","href":"https:\/\/api.w.org\/{rel}","templated":true}]}}