{"id":29,"date":"2014-10-13T08:29:43","date_gmt":"2014-10-13T06:29:43","guid":{"rendered":"http:\/\/uhv.sav.sk\/new2\/en\/?page_id=29"},"modified":"2014-10-13T10:28:09","modified_gmt":"2014-10-13T08:28:09","slug":"photogallery","status":"publish","type":"page","link":"https:\/\/uhv.sav.sk\/en\/public\/photogallery\/","title":{"rendered":"Photogallery"},"content":{"rendered":"<p><a title=\"Musicologica historica I \u2013 Ad honorem Richard Rybari\u010d\" href=\"\/en\/public\/photogallery\/33-etnomuziklogicky-seminar-skalica-2010\/\">Musicologica historica I &#8211; Ad honorem Richard Rybari\u010d<\/a><br \/>\n<a title=\"Musicologica historica I \u2013 Ad honorem Richard Rybari\u010d\" href=\"\/en\/public\/photogallery\/33-etnomuziklogicky-seminar-skalica-2010\/\"> <img decoding=\"async\" loading=\"lazy\" class=\"alignnone wp-image-149 size-medium\" src=\"\/wp-content\/uploads\/2014\/09\/1-300x225.jpg\" alt=\"1\" width=\"300\" height=\"225\" \/><\/a><br \/>\n<a title=\"33. etnomuziklogick\u00fd semin\u00e1r \u2013 Skalica 2010\" href=\"\/en\/public\/photogallery\/musicologica-historica-i-ad-honorem-richard-rybaric\/\">33. etnomuziklogick\u00fd semin\u00e1r &#8211; Skalica 2010<\/a><br \/>\n<a title=\"33. etnomuziklogick\u00fd semin\u00e1r \u2013 Skalica 2010\" href=\"\/en\/public\/photogallery\/musicologica-historica-i-ad-honorem-richard-rybaric\/\"> <img decoding=\"async\" loading=\"lazy\" class=\"alignnone wp-image-146 size-full\" src=\"\/wp-content\/uploads\/2014\/09\/2.jpg\" alt=\"2\" width=\"300\" height=\"225\" \/><\/a><\/p>\n","protected":false},"excerpt":{"rendered":"<p>Musicologica historica I &#8211; Ad honorem Richard Rybari\u010d 33. etnomuziklogick\u00fd semin\u00e1r &#8211; Skalica 2010<\/p>\n","protected":false},"author":1,"featured_media":0,"parent":27,"menu_order":0,"comment_status":"closed","ping_status":"closed","template":"","meta":{"_links_to":"","_links_to_target":""},"_links":{"self":[{"href":"https:\/\/uhv.sav.sk\/en\/wp-json\/wp\/v2\/pages\/29"}],"collection":[{"href":"https:\/\/uhv.sav.sk\/en\/wp-json\/wp\/v2\/pages"}],"about":[{"href":"https:\/\/uhv.sav.sk\/en\/wp-json\/wp\/v2\/types\/page"}],"author":[{"embeddable":true,"href":"https:\/\/uhv.sav.sk\/en\/wp-json\/wp\/v2\/users\/1"}],"replies":[{"embeddable":true,"href":"https:\/\/uhv.sav.sk\/en\/wp-json\/wp\/v2\/comments?post=29"}],"version-history":[{"count":6,"href":"https:\/\/uhv.sav.sk\/en\/wp-json\/wp\/v2\/pages\/29\/revisions"}],"predecessor-version":[{"id":195,"href":"https:\/\/uhv.sav.sk\/en\/wp-json\/wp\/v2\/pages\/29\/revisions\/195"}],"up":[{"embeddable":true,"href":"https:\/\/uhv.sav.sk\/en\/wp-json\/wp\/v2\/pages\/27"}],"wp:attachment":[{"href":"https:\/\/uhv.sav.sk\/en\/wp-json\/wp\/v2\/media?parent=29"}],"curies":[{"name":"wp","href":"https:\/\/api.w.org\/{rel}","templated":true}]}}