{"id":35,"date":"2014-10-13T08:31:10","date_gmt":"2014-10-13T06:31:10","guid":{"rendered":"http:\/\/uhv.sav.sk\/new2\/en\/?page_id=35"},"modified":"2014-10-13T09:13:56","modified_gmt":"2014-10-13T07:13:56","slug":"links","status":"publish","type":"page","link":"https:\/\/uhv.sav.sk\/en\/public\/links\/","title":{"rendered":"Links"},"content":{"rendered":"<ul>\n<li><a href=\"http:\/\/www.sav.sk\" target=\"_blank\"><b>Slovensk\u00e1 akad\u00e9mia vied<\/b><\/a><\/li>\n<\/ul>\n<ul>\n<li><a href=\"http:\/\/www.fphil.uniba.sk\/index.php?id=khv\" target=\"_blank\"><b>Katedra hudobnej vedy FiF UK<\/b><\/a><\/li>\n<\/ul>\n<ul>\n<li><a href=\"http:\/\/www.htf.vsmu.sk\/index.php?page=katedry&amp;item=katedry_kth\" target=\"_blank\"><b>Katedra te\u00f3rie hudby HTF V\u0160MU\u00a0<\/b><\/a><\/li>\n<\/ul>\n","protected":false},"excerpt":{"rendered":"<p>Slovensk\u00e1 akad\u00e9mia vied Katedra hudobnej vedy FiF UK Katedra te\u00f3rie hudby HTF V\u0160MU\u00a0<\/p>\n","protected":false},"author":1,"featured_media":0,"parent":27,"menu_order":0,"comment_status":"closed","ping_status":"closed","template":"","meta":{"_links_to":"","_links_to_target":""},"_links":{"self":[{"href":"https:\/\/uhv.sav.sk\/en\/wp-json\/wp\/v2\/pages\/35"}],"collection":[{"href":"https:\/\/uhv.sav.sk\/en\/wp-json\/wp\/v2\/pages"}],"about":[{"href":"https:\/\/uhv.sav.sk\/en\/wp-json\/wp\/v2\/types\/page"}],"author":[{"embeddable":true,"href":"https:\/\/uhv.sav.sk\/en\/wp-json\/wp\/v2\/users\/1"}],"replies":[{"embeddable":true,"href":"https:\/\/uhv.sav.sk\/en\/wp-json\/wp\/v2\/comments?post=35"}],"version-history":[{"count":2,"href":"https:\/\/uhv.sav.sk\/en\/wp-json\/wp\/v2\/pages\/35\/revisions"}],"predecessor-version":[{"id":111,"href":"https:\/\/uhv.sav.sk\/en\/wp-json\/wp\/v2\/pages\/35\/revisions\/111"}],"up":[{"embeddable":true,"href":"https:\/\/uhv.sav.sk\/en\/wp-json\/wp\/v2\/pages\/27"}],"wp:attachment":[{"href":"https:\/\/uhv.sav.sk\/en\/wp-json\/wp\/v2\/media?parent=35"}],"curies":[{"name":"wp","href":"https:\/\/api.w.org\/{rel}","templated":true}]}}