{"id":39,"date":"2014-10-13T08:31:57","date_gmt":"2014-10-13T06:31:57","guid":{"rendered":"http:\/\/uhv.sav.sk\/new2\/en\/?page_id=39"},"modified":"2017-03-29T09:29:41","modified_gmt":"2017-03-29T07:29:41","slug":"rilm-national-committee","status":"publish","type":"page","link":"https:\/\/uhv.sav.sk\/en\/rilm-national-committee\/","title":{"rendered":"RILM National Committee"},"content":{"rendered":"<p style=\"text-align: justify;\">Slovak RILM committee is part of the global network of national committees under the international organization\u00a0R\u00e9pertoire International de Litt\u00e9rature Musicale (RILM). RILM publishes a comprehensive bibliography of writings on music serving the global music research community. Today RILM abstracts of music literature has over 850000 records in 143 languages from 178 countries. In its greater context RILM represents an international music-bibliographical institution with activities all over the world; its organizational structure is centered around the RILM International Center at The City University of New York (CUNY) Graduate Center in New York City.\u00a0RILM International Center gathers, processes and completes data from the national committees.<\/p>\n<p style=\"text-align: justify;\">The \u00a0national committees in some 48 countries are part of the greater RILM organization. They are responsible for ensuring that all significant writings on music published in their respective countries or regions are represented in <em>RILM abstracts of music literature<\/em> and <em>RILM abstracts of music literature<\/em>; these committees are composed of musicologists and librarians based at major universities, national libraries, and research institutes.<\/p>\n<p style=\"text-align: justify;\"><strong>Organizational structure<\/strong><br \/>\nSlovak RILM committee is seated\u00a0at the Institute of Musicology, SAS.\u00a0In addition to the Institute&#8217;s staff, representatives from the Department of Musicology (Philosophical Faculty of the Comenius University Bratislava) and National Bibliographical Insitute of the Slovak National Library in Martin actively co-operate on the Committee&#8217;s activities.<\/p>\n<p style=\"text-align: justify;\">The Committee reports its activities to the\u00a0Editor-in-Chief of the\u00a0RILM International Center. It comes under the agenda of the RILM International Center&#8217;s Senior editor, who holds responsibility over bibliographical data from the extended region of Central Europe. The Committee provides an annual report\u00a0and sends it\u00a0to RILM International Center mid-year.<\/p>\n<p style=\"text-align: justify;\"><strong>Activities<\/strong><br \/>\nSlovak RILM Committee&#8217;s responsibility is to record publications from the music research area, published in Slovakia. The Committee collects bibliographic data about publications and creates abstracts, which are entered into the database and sent to\u00a0RILM International Center. Abstracts of pblications are created by both authors and Committee members. The Slovak Committee processes around 120 bibliographic records, 70 abstracts and 10 reviews a year. An employee of the\u00a0RILM International Center is responsible for editing these records, occasional\u00a0translations, and adding further records. \u00a0The activities of the national RILM committee include processing data about all types of published outputs (monographs, collections, periodicals, material editions in the form of scores, song collections etc.), using various media\u00a0(print, sound, visual, audio-visual). The\u00a0RILM database records seven printed periodicals from Slovakia: five in the\u00a0&#8220;core journals&#8221; category\u00a0(<i>Musicologica Slovaca, Musicologica Istropolitana, Slovensk\u00e1 hudba, Ethnomusicologicum, Hudobn\u00fd arch\u00edv<\/i>), two in the\u00a0&#8220;secondary journals&#8221; category\u00a0(<i>Hudobn\u00fd \u017eivot, Hudba<\/i>).<\/p>\n<p style=\"text-align: justify;\">Bibliographic records from our area include publications with a wide aim on all academic disciplines and specializations, within which music is researched in Slovakia: historical musicology, systematic musicology, ethnomusicology, popular music and jazz. In line with the recent trends at RILM, the committee will pay more attention to the screening\u00a0of publications within a wider spectre of academic disciplines related to music, which constitute an interdisciplinary context for musicological studies in Slovakia (e.g., dance, theatre, literature, history of arts, ethnology, anthropology, etc.).<\/p>\n<p style=\"text-align: justify;\">In addition to its bibliographic activities, which constitute\u00a0its core responsibilities, the Committee organizes events aimed at promoting RILM activities and recruiting collaborators from the ranks of the extended research community.<\/p>\n<p style=\"text-align: justify;\"><strong>Contacts<br \/>\n<\/strong>Slovensk\u00fd n\u00e1rodn\u00fd komit\u00e9t RILM \/ RILM National Committee of Slovakia<\/p>\n<p style=\"text-align: justify;\"><strong>Institute of Musicology<\/strong><br \/>\nSlovak Academy of Sciences<br \/>\nD\u00fabravsk\u00e1 cesta 9<br \/>\n841 04 Bratislava 4<br \/>\ntel.\/fax: 421 2 5477 3589<br \/>\nE-mail: <a href=\"mailto:musicology.library@savba.sk\" target=\"_blank\">musicology.library@savba.sk<\/a><\/p>\n<p style=\"text-align: justify;\">PhDr. Hana Urbancov\u00e1, DrSc.,\u00a0Chair<br \/>\nE-mail:<a href=\"mailto:hana.urbancova@savba.sk\"> hana.urbancova@savba.sk<\/a><\/p>\n<p style=\"text-align: justify;\">Mgr. Magdal\u00e9na Kapala<br \/>\nE-mail: <a href=\"mailto:kniznica.uhv@savba.sk\">kniznica.uhv@savba.sk<\/a><\/p>\n<p style=\"text-align: justify;\">Bc. Mgr. Zuzana Cenkerov\u00e1, PhD.<br \/>\nE-mail:\u00a0<a href=\"mailto:zuzana.cenkerova@savba.sk\">zuzana.cenkerova@savba.sk<\/a><\/p>\n<p style=\"text-align: justify;\"><strong>Department of Musicology<\/strong><br \/>\nPhilosophical Faculty, Comenius University Bratislava<br \/>\nGondova 2<br \/>\n818 01 Bratislava<br \/>\ntel.: 421 2 5933 9359, 421 2 5933 9348<\/p>\n<p>doc. Mgr.Vladim\u00edr Zvara, PhD.<br \/>\nE-mail:<a href=\"mailto:zvara@fphil.uniba.sk\"> zvara@fpil.uniba.sk<\/a><\/p>\n<p style=\"text-align: justify;\"><strong>Slovak National Library<\/strong><br \/>\nN\u00e1m. J.C. Hronsk\u00e9ho 1<br \/>\n036 01 Martin<br \/>\ntel.: 421 43 245 14 63<br \/>\nfax: 421 43 245 15 05<\/p>\n<p style=\"text-align: justify;\">PhDr. Anna Kucianov\u00e1, PhD.<br \/>\nE-mail:<a href=\"mailto:anna.kucianova@snk.sk\"> anna.kucianova@snk.sk<\/a><\/p>\n","protected":false},"excerpt":{"rendered":"<p>Slovak RILM committee is part of the global network of national committees under the international organization\u00a0R\u00e9pertoire International de Litt\u00e9rature Musicale (RILM). RILM publishes a comprehensive bibliography of writings on music serving the global music research community. Today RILM abstracts of &hellip; <a href=\"https:\/\/uhv.sav.sk\/en\/rilm-national-committee\/\">Continue reading <span class=\"meta-nav\">&rarr;<\/span><\/a><\/p>\n","protected":false},"author":1,"featured_media":0,"parent":0,"menu_order":0,"comment_status":"closed","ping_status":"closed","template":"","meta":{"_links_to":"","_links_to_target":""},"_links":{"self":[{"href":"https:\/\/uhv.sav.sk\/en\/wp-json\/wp\/v2\/pages\/39"}],"collection":[{"href":"https:\/\/uhv.sav.sk\/en\/wp-json\/wp\/v2\/pages"}],"about":[{"href":"https:\/\/uhv.sav.sk\/en\/wp-json\/wp\/v2\/types\/page"}],"author":[{"embeddable":true,"href":"https:\/\/uhv.sav.sk\/en\/wp-json\/wp\/v2\/users\/1"}],"replies":[{"embeddable":true,"href":"https:\/\/uhv.sav.sk\/en\/wp-json\/wp\/v2\/comments?post=39"}],"version-history":[{"count":20,"href":"https:\/\/uhv.sav.sk\/en\/wp-json\/wp\/v2\/pages\/39\/revisions"}],"predecessor-version":[{"id":342,"href":"https:\/\/uhv.sav.sk\/en\/wp-json\/wp\/v2\/pages\/39\/revisions\/342"}],"wp:attachment":[{"href":"https:\/\/uhv.sav.sk\/en\/wp-json\/wp\/v2\/media?parent=39"}],"curies":[{"name":"wp","href":"https:\/\/api.w.org\/{rel}","templated":true}]}}