{"id":43,"date":"2014-10-13T08:32:47","date_gmt":"2014-10-13T06:32:47","guid":{"rendered":"http:\/\/uhv.sav.sk\/new2\/en\/?page_id=43"},"modified":"2020-08-19T12:03:47","modified_gmt":"2020-08-19T10:03:47","slug":"phd-studies","status":"publish","type":"page","link":"https:\/\/uhv.sav.sk\/en\/institute\/phd-studies\/","title":{"rendered":"PhD Studies"},"content":{"rendered":"<p style=\"text-align: justify;\">Institute of Musicology, SAS has accreditation for PhD studies in the specialization 2.1.21 <i>Music Theory<\/i>\u00a0of the\u00a0<i>Musicology<\/i> study programme. The Institute conducts PhD studies as an external educational organization, in cooperation with the Department\u00a0of Musicology of the Faculty of Philosophy, Comenius University Bratislava.<\/p>\n<p>Internal PhD. students:<\/p>\n<p><strong>Mgr. Veronika Garajov\u00e1<br \/>\n<\/strong>T\u00e9ma: \u010cesk\u00e9 prvky v stredovekej hudobnej kult\u00fare Slovenska<br \/>\n\u0160kolite\u013e: PhDr. Eva Veselovsk\u00e1, PhD.<br \/>\nN\u00e1stup na \u0161t\u00fadium: 1. 9. 2017<br \/>\nTerm\u00edn ukon\u010denia: 31. 8. 2021<\/p>\n<p style=\"text-align: justify;\"><strong>Mgr. Krist\u00edna Gotthardtov\u00e1<\/strong><br \/>\nT\u00e9ma: Hudobnofolkl\u00f3rne in\u0161pir\u00e1cie v tvorbe slovensk\u00fdch skladate\u013eov 20. storo\u010dia<br \/>\n\u0160kolite\u013e: doc. PhDr. Hana Urbancov\u00e1, DrSc.<br \/>\nN\u00e1stup na \u0161t\u00fadium: 1. 9. 2017<br \/>\nTerm\u00edn ukon\u010denia: 31. 8. 2021<\/p>\n<p style=\"text-align: justify;\"><strong>Mgr. Mari\u00e1n \u0160t\u00fa\u0148<\/strong><br \/>\nT\u00e9ma: Theoretical Approaches to European Music Harmony of the 20th Century<br \/>\n\u0160kolite\u013e: prof. PhDr. Eva Ferkov\u00e1, PhD.<br \/>\nN\u00e1stup na \u0161t\u00fadium: 1. 9. 2019<br \/>\nTerm\u00edn ukon\u010denia: 31. 8. 2023<\/p>\n<p><strong>Mgr. \u0160tef\u00e1nia Demsk\u00e1<\/strong><br \/>\nT\u00e9ma: \u017dena v stredovekom hudobnom reperto\u00e1ri prame\u0148ov z \u00fazemia Slovenska<br \/>\n\u0160kolite\u013e: PhDr. Eva Veselovsk\u00e1, PhD.<br \/>\nN\u00e1stup na \u0161t\u00fadium: 1. 9. 2017<br \/>\nPreru\u0161enie st\u00fadia: 17. 2. 2020 \u2013 16. 2. 2021<\/p>\n","protected":false},"excerpt":{"rendered":"<p>Institute of Musicology, SAS has accreditation for PhD studies in the specialization 2.1.21 Music Theory\u00a0of the\u00a0Musicology study programme. The Institute conducts PhD studies as an external educational organization, in cooperation with the Department\u00a0of Musicology of the Faculty of Philosophy, Comenius &hellip; <a href=\"https:\/\/uhv.sav.sk\/en\/institute\/phd-studies\/\">Continue reading <span class=\"meta-nav\">&rarr;<\/span><\/a><\/p>\n","protected":false},"author":1,"featured_media":0,"parent":41,"menu_order":0,"comment_status":"closed","ping_status":"closed","template":"","meta":{"_links_to":"","_links_to_target":""},"_links":{"self":[{"href":"https:\/\/uhv.sav.sk\/en\/wp-json\/wp\/v2\/pages\/43"}],"collection":[{"href":"https:\/\/uhv.sav.sk\/en\/wp-json\/wp\/v2\/pages"}],"about":[{"href":"https:\/\/uhv.sav.sk\/en\/wp-json\/wp\/v2\/types\/page"}],"author":[{"embeddable":true,"href":"https:\/\/uhv.sav.sk\/en\/wp-json\/wp\/v2\/users\/1"}],"replies":[{"embeddable":true,"href":"https:\/\/uhv.sav.sk\/en\/wp-json\/wp\/v2\/comments?post=43"}],"version-history":[{"count":11,"href":"https:\/\/uhv.sav.sk\/en\/wp-json\/wp\/v2\/pages\/43\/revisions"}],"predecessor-version":[{"id":417,"href":"https:\/\/uhv.sav.sk\/en\/wp-json\/wp\/v2\/pages\/43\/revisions\/417"}],"up":[{"embeddable":true,"href":"https:\/\/uhv.sav.sk\/en\/wp-json\/wp\/v2\/pages\/41"}],"wp:attachment":[{"href":"https:\/\/uhv.sav.sk\/en\/wp-json\/wp\/v2\/media?parent=43"}],"curies":[{"name":"wp","href":"https:\/\/api.w.org\/{rel}","templated":true}]}}