{"id":45,"date":"2014-10-13T08:33:15","date_gmt":"2014-10-13T06:33:15","guid":{"rendered":"http:\/\/uhv.sav.sk\/new2\/en\/?page_id=45"},"modified":"2016-05-24T00:26:50","modified_gmt":"2016-05-23T22:26:50","slug":"history","status":"publish","type":"page","link":"https:\/\/uhv.sav.sk\/en\/institute\/history\/","title":{"rendered":"History"},"content":{"rendered":"<p style=\"text-align: justify;\">History of the Institute of Musicology, SAS<\/p>\n<p style=\"text-align: justify;\">The Institute of Musicology (<em>\u00dastav hudobnej vedy<\/em>) was founded in 1943 under the name Musicological Institute (<em>Hudobnovedn\u00fd \u00fastav<\/em>), among the first research workplaces of the Slovak Academy of Sciences and Arts (<em>Slovensk\u00e1 akad\u00e9mia vied a umen\u00ed<\/em>, 1942 \u2013 1953). In 1951 its name was changed to Institute of Musicology and it became part of the Slovak Academy of Sciences\u00a0(<em>Slovensk\u00e1 akad\u00e9mia vied)<\/em> as one of its founding workplaces. Between 1973 and 1990, the Institute temporarily came under The Institute of Research on Art, SAS\u00a0(<em>Umenovedn\u00fd \u00fastav SAV<\/em>) as the Musicology Section (<em>Sekcia hudobnej vedy<\/em>). In 1990 it became independent and renewed under its original name <em>\u00dastav hudobnej vedy Slovenskej akad\u00e9mie vied<\/em>.<\/p>\n<p style=\"text-align: justify;\">Former directors of the Institute include\u00a0Zdenko Nov\u00e1\u010dek (1951 \u2013 1956), Jozef Kres\u00e1nek (1956 \u2013 1964), Ladislav Burlas (1964 \u2013 1988), Richard Rybari\u010d (1988 \u2013 1989), Pavol Pol\u00e1k (1989 \u2013 1990), Osk\u00e1r Elschek (1990 \u2013 1997), Juraj Lexmann (1997 \u2013 2009). The present director is Hana Urbancov\u00e1 (2009 \u2013 ).<\/p>\n<p style=\"text-align: justify;\">In the past, the Institute of Musicology published the yearly periodical\u00a0<em>Hudobnovedn\u00fd sborn\u00edk<\/em> (1953 \u2013 1954, two volumes), continued as\u00a0<em>Hudobnovedn\u00e9 \u0161t\u00fadie<\/em> (1955 \u2013 1966, seven volumes). Since 1969,\u00a0the Institute has\u00a0published the journal <em>Musicologica Slovaca<\/em>, between\u00a01992 and 2008 under the extended title\u00a0<em>Musicologica Slovaca et Europaea<\/em>, since\u00a02010 renewed under the original name. Since 1993, the journal <em>Ethnomusicologicum, revue pre etnomuzikol\u00f3giu a etnochoreol\u00f3giu<\/em> has been published non-periodically. Between\u00a01993 and 2003, the Institute has collaborated with\u00a0<em>Institut f\u00fcr Musikwissenschaft, Universit\u00e4t Hamburg<\/em> on publishing the international journal\u00a0<em>Systematische Musikwissenschaft \/ Systematic Musicology \/ Musicologie Syst\u00e9matique<\/em>.<\/p>\n","protected":false},"excerpt":{"rendered":"<p>History of the Institute of Musicology, SAS The Institute of Musicology (\u00dastav hudobnej vedy) was founded in 1943 under the name Musicological Institute (Hudobnovedn\u00fd \u00fastav), among the first research workplaces of the Slovak Academy of Sciences and Arts (Slovensk\u00e1 akad\u00e9mia &hellip; <a href=\"https:\/\/uhv.sav.sk\/en\/institute\/history\/\">Continue reading <span class=\"meta-nav\">&rarr;<\/span><\/a><\/p>\n","protected":false},"author":1,"featured_media":0,"parent":41,"menu_order":0,"comment_status":"closed","ping_status":"closed","template":"","meta":{"_links_to":"","_links_to_target":""},"_links":{"self":[{"href":"https:\/\/uhv.sav.sk\/en\/wp-json\/wp\/v2\/pages\/45"}],"collection":[{"href":"https:\/\/uhv.sav.sk\/en\/wp-json\/wp\/v2\/pages"}],"about":[{"href":"https:\/\/uhv.sav.sk\/en\/wp-json\/wp\/v2\/types\/page"}],"author":[{"embeddable":true,"href":"https:\/\/uhv.sav.sk\/en\/wp-json\/wp\/v2\/users\/1"}],"replies":[{"embeddable":true,"href":"https:\/\/uhv.sav.sk\/en\/wp-json\/wp\/v2\/comments?post=45"}],"version-history":[{"count":8,"href":"https:\/\/uhv.sav.sk\/en\/wp-json\/wp\/v2\/pages\/45\/revisions"}],"predecessor-version":[{"id":324,"href":"https:\/\/uhv.sav.sk\/en\/wp-json\/wp\/v2\/pages\/45\/revisions\/324"}],"up":[{"embeddable":true,"href":"https:\/\/uhv.sav.sk\/en\/wp-json\/wp\/v2\/pages\/41"}],"wp:attachment":[{"href":"https:\/\/uhv.sav.sk\/en\/wp-json\/wp\/v2\/media?parent=45"}],"curies":[{"name":"wp","href":"https:\/\/api.w.org\/{rel}","templated":true}]}}