{"id":47,"date":"2014-10-13T08:33:57","date_gmt":"2014-10-13T06:33:57","guid":{"rendered":"http:\/\/uhv.sav.sk\/new2\/en\/?page_id=47"},"modified":"2020-08-19T12:13:02","modified_gmt":"2020-08-19T10:13:02","slug":"organization-structure","status":"publish","type":"page","link":"https:\/\/uhv.sav.sk\/en\/institute\/organization-structure\/","title":{"rendered":"Organizational Structure"},"content":{"rendered":"<p style=\"text-align: justify;\"><strong>Director<\/strong><br \/>\nPhDr. Hana Urbancov\u00e1, DrSc.<\/p>\n<p style=\"text-align: justify;\"><strong>Deputy Director<\/strong><br \/>\nPhDr. Eva Veselovsk\u00e1, PhD.<\/p>\n<p style=\"text-align: justify;\"><strong>Secretary<\/strong><br \/>\nMarcela Kr\u00fa\u017eekov\u00e1<\/p>\n<p style=\"text-align: justify;\"><strong>Research Departments<br \/>\n<\/strong><\/p>\n<p style=\"text-align: justify;\"><strong>Department of Music History<\/strong><br \/>\nResearches music and music culture in Slovakia from the Middle Ages to the present day in the context of European music history, accenting\u00a0the\u00a0historical-developmental and chronological aspects. Publishes results as monographs, studies, catalogues, critical\u00a0editions. Conducts heuristic research resulting in critical editions and partakes in reviving old music on records. Manages collections of microfilms and historical documents, gathered in archive and field\u00a0research by\u00a0the Department&#8217;s staff.<\/p>\n<p style=\"text-align: justify;\">Research staff:<br \/>\nPhDr. Eva Veselovsk\u00e1, PhD. \u2013\u00a0Department Director<br \/>\nPhDr. Janka Pet\u0151czov\u00e1, CSc.<br \/>\nMgr. art. Andrej \u010cepec, PhD.<br \/>\nPhDr. Jana Lengov\u00e1, CSc.<br \/>\nMgr. Peter Ru\u0161\u010din, PhD.<br \/>\nMgr. Hana Studeni\u010dov\u00e1, PhD.\n<\/p>\n<p style=\"text-align: justify;\">PhD students:<br \/>\nMgr. Veronika Garajov\u00e1<\/p>\n<p style=\"text-align: justify;\"><strong>Department of Ethnomusicology<br \/>\n<\/strong>Researches traditional songs, music and dance in Slovakia in regional, interethnic and socio-cultural contexts. Publishes results as research papers and material editions (score, sound, video editions). Manages collections of manuscripts, sound recordings, photographs and audio-visual documents gathered in field and archive research by the Department&#8217;s staff. Publishes materials from the collection funds as part of the\u00a0Corpus Musicae Popularis Slovacae edition.<\/p>\n<p style=\"text-align: justify;\">Research staff:<br \/>\nPhDr. Hana Urbancov\u00e1, DrSc. \u2013 Department Director<br \/>\nMgr. art. Krist\u00edna Lomen, PhD.<br \/>\nMgr. Miriam Timkov\u00e1, PhD.<\/p>\n<p style=\"text-align: justify;\">PhD students:<br \/>\nMgr. Krist\u00edna Gotthardtov\u00e1<\/p>\n<p style=\"text-align: justify;\"><strong>Department of Systematic Musicology<br \/>\n<\/strong>Researches music and music culture within\u00a0selected disciplines of systematic musicology, especially music theory, music aesthetics, music psychology and organology.<\/p>\n<p style=\"text-align: justify;\">Research staff:<br \/>\n Mgr. Michal \u0160\u010dep\u00e1n, PhD. \u2013 Department Director<br \/>\nprof. PhDr. Eva Ferkov\u00e1, PhD.<br \/>\nPhDr. Vladim\u00edr Fulka, PhD.<br \/>\nMgr.art. Andrej \u0160tafura PhD.\n<\/p>\n<p style=\"text-align: justify;\">PhD students:<br \/>\nMgr. Mari\u00e1n \u0160t\u00fa\u0148<\/p>\n<p style=\"text-align: justify;\"><strong>Library<br \/>\n<\/strong>Conducts library-informational and bibliographic tasks, cataloguing and database management. Ensures monitoring, systematic acquisition and processing of relevant literature and information. Offers book-lending services to researches from inside and outside of the Institute, including inter-library and international loans. Prepares and distributes periodical and non-periodical editions issued by the Institute.<\/p>\n<p style=\"text-align: justify;\">Staff:<br \/>\nAnna Hudecov\u00e1<\/p>\n<p style=\"text-align: justify;\"><strong>Technical Laboratory<br \/>\n<\/strong>Offers technical support, digitalisation of the Institute collections, partakes in audio- and audio-visual documentation, conducts research in the field of sound-engineering and audio-visual recording.<\/p>\n<p style=\"text-align: justify;\">Research staff:<br \/>\nIng. \u0160tefan Nagy, Art.D.<\/p>\n<p style=\"text-align: justify;\"><strong><a href=\"https:\/\/uhv.sav.sk\/en\/editorial-activities\/musicologica-slovaca\/\">Musicologica Slovaca Editorial Board<\/a><\/strong><\/p>\n<p style=\"text-align: justify;\"><strong><a href=\"https:\/\/uhv.sav.sk\/en\/rilm-national-committee\/\">RILM National Commitee<\/a><\/strong><\/p>\n<p style=\"text-align: justify;\">\n","protected":false},"excerpt":{"rendered":"<p>Director PhDr. Hana Urbancov\u00e1, DrSc. Deputy Director PhDr. Eva Veselovsk\u00e1, PhD. Secretary Marcela Kr\u00fa\u017eekov\u00e1 Research Departments Department of Music History Researches music and music culture in Slovakia from the Middle Ages to the present day in the context of European &hellip; <a href=\"https:\/\/uhv.sav.sk\/en\/institute\/organization-structure\/\">Continue reading <span class=\"meta-nav\">&rarr;<\/span><\/a><\/p>\n","protected":false},"author":1,"featured_media":0,"parent":41,"menu_order":0,"comment_status":"closed","ping_status":"closed","template":"","meta":{"_links_to":"","_links_to_target":""},"_links":{"self":[{"href":"https:\/\/uhv.sav.sk\/en\/wp-json\/wp\/v2\/pages\/47"}],"collection":[{"href":"https:\/\/uhv.sav.sk\/en\/wp-json\/wp\/v2\/pages"}],"about":[{"href":"https:\/\/uhv.sav.sk\/en\/wp-json\/wp\/v2\/types\/page"}],"author":[{"embeddable":true,"href":"https:\/\/uhv.sav.sk\/en\/wp-json\/wp\/v2\/users\/1"}],"replies":[{"embeddable":true,"href":"https:\/\/uhv.sav.sk\/en\/wp-json\/wp\/v2\/comments?post=47"}],"version-history":[{"count":14,"href":"https:\/\/uhv.sav.sk\/en\/wp-json\/wp\/v2\/pages\/47\/revisions"}],"predecessor-version":[{"id":419,"href":"https:\/\/uhv.sav.sk\/en\/wp-json\/wp\/v2\/pages\/47\/revisions\/419"}],"up":[{"embeddable":true,"href":"https:\/\/uhv.sav.sk\/en\/wp-json\/wp\/v2\/pages\/41"}],"wp:attachment":[{"href":"https:\/\/uhv.sav.sk\/en\/wp-json\/wp\/v2\/media?parent=47"}],"curies":[{"name":"wp","href":"https:\/\/api.w.org\/{rel}","templated":true}]}}