{"id":49,"date":"2014-10-13T08:34:21","date_gmt":"2014-10-13T06:34:21","guid":{"rendered":"http:\/\/uhv.sav.sk\/new2\/en\/?page_id=49"},"modified":"2021-02-02T11:58:32","modified_gmt":"2021-02-02T09:58:32","slug":"scientific-staff","status":"publish","type":"page","link":"https:\/\/uhv.sav.sk\/en\/institute\/scientific-staff\/","title":{"rendered":"Research staff"},"content":{"rendered":"<p>\u00a0<\/p>\n<ul>\n<li><a href=\"http:\/\/uhv.sav.sk\/mgr-art-andrej-cepec-phd\/\">\u010cepec Andrej, Mgr. art., PhD.<\/a><\/li>\n<li><a href=\"http:\/\/uhv.sav.sk\/ustav\/vedecki-pracovnici\/vedecki-pracovniciprof-phdr-eva-ferkova-phd\/\">Ferkov\u00e1 Eva, prof., PhDr., PhD.<\/a><\/li>\n<li><a title=\"PhDr. Vladim\u00edr Fulka, PhD.\" href=\"\/ustav\/vedecki-pracovnici\/phdr-vladimir-fulka-phd\/\">Fulka Vladim\u00edr, PhDr., PhD.<\/a><\/li>\n<li><a title=\"PhDr. Jana Lengov\u00e1, CSc.\" href=\"\/ustav\/vedecki-pracovnici\/phdr-lengova-jana-csc\/\">Lengov\u00e1 Jana, PhDr., CSc.<\/a><\/li>\n<li><a href=\"http:\/\/uhv.sav.sk\/mgr-art-kristina-lomen-phd\/\">Lomen, Kristina, Mgr.art., PhD.<\/a><\/li>\n<li><a title=\"PhDr. Janka Pet\u0151czov\u00e1, CSc.\" href=\"\/ustav\/vedecki-pracovnici\/phdr-janka-petoczova-csc\/\">Pet\u0151czov\u00e1 Janka, PhDr., CSc.<\/a><\/li>\n<li><a title=\"Mgr. Peter Ru\u0161\u010din, PhD.\" href=\"\/ustav\/vedecki-pracovnici\/mgr-peter-ruscin-phd\/\">Ru\u0161\u010din Peter, Mgr., PhD.<\/a><\/li>\n<li><a title=\"Mgr. Hana Studeni\u010dov\u00e1, PhD.\" href=\"http:\/\/uhv.sav.sk\/mgr-hana-studenicova\/\">Studeni\u010dov\u00e1 Hana, Mgr., PhD.<\/a><\/li>\n<li><a title=\"Mgr. Michal \u0160\u010dep\u00e1n, PhD.\" href=\" http:\/\/uhv.sav.sk\/mgr-michal-scepan-phd\/\">\u0160\u010dep\u00e1n Michal, Mgr., PhD.<\/a><\/li>\n<li><a title=\"Mgr. Miriam Timkov\u00e1, PhD.\" href=\"\/ustav\/vedecki-pracovnici\/mgr-miriam-timkova-phd\/\">Timkov\u00e1 Miriam, Mgr., PhD.<\/a><\/li>\n<li><a title=\"PhDr. Hana Urbancov\u00e1, DrSc.\" href=\"\/ustav\/vedecki-pracovnici\/phdr-hana-urbancova-drsc\/\">Urbancov\u00e1 Hana, doc., PhDr., DrSc.<\/a><\/li>\n<li><a title=\"PhDr. Eva Veselovsk\u00e1, PhD.\" href=\"\/ustav\/vedecki-pracovnici\/phdr-eva-veselovska-phd\/\">Veselovsk\u00e1 Eva, PhDr., PhD.<\/a><\/li>\n<\/ul>\n\n\n<p><\/p>\n","protected":false},"excerpt":{"rendered":"<p>\u00a0 \u010cepec Andrej, Mgr. art., PhD. Ferkov\u00e1 Eva, prof., PhDr., PhD. Fulka Vladim\u00edr, PhDr., PhD. Lengov\u00e1 Jana, PhDr., CSc. Lomen, Kristina, Mgr.art., PhD. Pet\u0151czov\u00e1 Janka, PhDr., CSc. Ru\u0161\u010din Peter, Mgr., PhD. Studeni\u010dov\u00e1 Hana, Mgr., PhD. \u0160\u010dep\u00e1n Michal, Mgr., PhD. Timkov\u00e1 &hellip; <a href=\"https:\/\/uhv.sav.sk\/en\/institute\/scientific-staff\/\">Continue reading <span class=\"meta-nav\">&rarr;<\/span><\/a><\/p>\n","protected":false},"author":1,"featured_media":0,"parent":41,"menu_order":0,"comment_status":"closed","ping_status":"closed","template":"","meta":{"_links_to":"","_links_to_target":""},"_links":{"self":[{"href":"https:\/\/uhv.sav.sk\/en\/wp-json\/wp\/v2\/pages\/49"}],"collection":[{"href":"https:\/\/uhv.sav.sk\/en\/wp-json\/wp\/v2\/pages"}],"about":[{"href":"https:\/\/uhv.sav.sk\/en\/wp-json\/wp\/v2\/types\/page"}],"author":[{"embeddable":true,"href":"https:\/\/uhv.sav.sk\/en\/wp-json\/wp\/v2\/users\/1"}],"replies":[{"embeddable":true,"href":"https:\/\/uhv.sav.sk\/en\/wp-json\/wp\/v2\/comments?post=49"}],"version-history":[{"count":9,"href":"https:\/\/uhv.sav.sk\/en\/wp-json\/wp\/v2\/pages\/49\/revisions"}],"predecessor-version":[{"id":420,"href":"https:\/\/uhv.sav.sk\/en\/wp-json\/wp\/v2\/pages\/49\/revisions\/420"}],"up":[{"embeddable":true,"href":"https:\/\/uhv.sav.sk\/en\/wp-json\/wp\/v2\/pages\/41"}],"wp:attachment":[{"href":"https:\/\/uhv.sav.sk\/en\/wp-json\/wp\/v2\/media?parent=49"}],"curies":[{"name":"wp","href":"https:\/\/api.w.org\/{rel}","templated":true}]}}