{"id":75,"date":"2014-10-13T08:59:32","date_gmt":"2014-10-13T06:59:32","guid":{"rendered":"http:\/\/uhv.sav.sk\/new2\/en\/?page_id=75"},"modified":"2017-01-21T21:43:02","modified_gmt":"2017-01-21T19:43:02","slug":"conferences-and-seminars","status":"publish","type":"page","link":"https:\/\/uhv.sav.sk\/en\/scientific-research-activity\/conferences-and-seminars\/","title":{"rendered":"Conferences and Seminars"},"content":{"rendered":"<p><strong>2016<\/strong><strong><br \/>\nSources of Renaissance and Baroque music in Scepusia and in Europe \/ Quellen der Renaissance- und Barockmusik in der Zips und in Europa<br \/>\n<\/strong>Organizer: \u00dastav hudobnej vedy SAV Bratislava<br \/>\nPartners: Pre\u0161ovsk\u00fd hudobn\u00fd spolok S\u00fazvuk, Academia Istropolitana Nova<br \/>\nDate\/Time: Sv\u00e4t\u00fd Jur, 24. \u2013 25. 6. 2016<\/p>\n<p><strong>2015<br \/>\nContexts of music for keyboard instruments in Slovakia: People, structure, function<\/strong><br \/>\nOrganizer: \u00dastav hudobnej vedy SAV Bratislava<br \/>\nDate\/Time: Bratislava, 17. 6. 2015<\/p>\n<p><strong>2014<br \/>\nRILM \u2013 International database\u00a0of music literature and their new projects (workshop)<\/strong><br \/>\nOrganizer: \u00dastav hudobnej vedy SAV Bratislava<br \/>\nDate\/Time: Bratislava, 9. 7. 2014<\/p>\n<p><strong>Sources of Renaissance and Baroque music in Slovakia and in Europe (the issues of critical editions of music sources)<\/strong><br \/>\nOrganizer: \u00dastav hudobnej vedy SAV Bratislava<br \/>\nPartner: Filozofick\u00e1 fakulta Pre\u0161ovskej univerzity<br \/>\nDate\/Time: Bratislava &#8211; Pre\u0161ov, 28. 11. 2014<\/p>\n<p><strong>2013<br \/>\nJozef Kres\u00e1nek (1913-1986) and his\u00a0integrating model of musicology<\/strong><br \/>\nOrganizer: \u00dastav hudobnej vedy SAV<br \/>\nDate\/Time: Bratislava, 26. 6. 2013<\/p>\n<p><strong>J\u00e1n Levoslav Bella \u2013 an intersection of tradition and modernism in Slovak music \u00a0(on the occasion of the composer&#8217;s 170th birthday)<\/strong><br \/>\nOrganizer: Katedra hudby a \u00dastav hudobnej historiografie Fakulty humanitn\u00fdch vied \u017dilinskej univerzity \u017dilina<br \/>\nPartner: \u00dastav hudobnej vedy SAV Bratislava<br \/>\nDate\/Time: \u017dilina, 10. 10. 2013<\/p>\n<p><strong>Konzeptionen des musikalischen Denkens in der europ\u00e4ischen Musikwissenschaft des 20. Jahrhunderts (anl\u00e4sslich des 100. Geburtsjahres von Jozef Kres\u00e1nek) \/ Conceptions of\u00a0 Musical Thinking in the European Musicology of 20th century (on the Occasion of 100th Centenary of Birth of Jozef Kres\u00e1nek)<\/strong><br \/>\nOrganizer: \u00dastav hudobnej vedy SAV<br \/>\nPartner: Slovensk\u00e1 muzikologick\u00e1 spolo\u010dnos\u0165, Katedra hudobnej vedy FiF UK<br \/>\nDate\/Time: Bratislava, 21. 10. &#8211; 22. 10. 2013<\/p>\n<p><strong>2012<br \/>\nMusic culture in\u00a0the Polish-Slovak borderlands\u00a0\/ Kultura muzyczna na polsko-slowackim pograniczu<\/strong><br \/>\nOrganizer: \u00dastav hudobnej vedy SAV<br \/>\nPartner: Instytut sztuki PAN<br \/>\nDate\/Time: Bratislava, 7. 10. 2012<\/p>\n<p><strong>2011<br \/>\nFranz Liszt und seine Bedeutung in der europ\u00e4ischen Musikkultur \/ Franz Liszt and His Position in the European Musical Culture (Musicologica historica II)<\/strong><br \/>\n(On the occasion of the 200th birth- and 125th deathday of Franz Liszt)<br \/>\nOrganizer: \u00dastav hudobnej vedy SAV<br \/>\nPartner: Slovensk\u00e1 muzikologick\u00e1 spolo\u010dnos\u0165<br \/>\nDate\/Time: Bratislava, 17. \u2013 19. 5. 2011<\/p>\n<p><strong>Czech-Slovak and Slovak-Czech relationshps in music culture<\/strong><br \/>\nOrganizer: Kabinet hudebn\u00ed historie Etnologick\u00e9ho \u00fastavu AV \u010cR \u2013 \u00dastav hudobnej vedy SAV<br \/>\nDate\/Time: Praha, 25. 11. \u2013 25. 11. 2011<\/p>\n<p><strong>RILM \u2013 <strong> International database\u00a0of music literature (workshop)<\/strong><\/strong><br \/>\nOrganizer: \u00dastav hudobnej vedy SAV<br \/>\nPartner: Slovensk\u00fd komit\u00e9t RILM, Slovensk\u00e1 n\u00e1rodn\u00e1 skupina IAML, Slovensk\u00e1 muzikologick\u00e1 spolo\u010dnos\u0165<br \/>\nDate\/Time: Bratislava, 21. 6. 2011<\/p>\n<p><strong>Contributions of notable characters to the development of music culture in Gemer and Malohont<br \/>\n<\/strong>Organizer: \u00dastav hudobnej vedy SAV<br \/>\nPartner: Quirinus, neziskov\u00e1 organiz\u00e1cia<br \/>\nDate\/Time: Rev\u00faca, 1. 12. 2011<\/p>\n<p><strong>J\u00e1n Cikker\u00a0yesterday and today<\/strong><br \/>\nOrganizer: \u00dastav hudobnej vedy SAV<br \/>\nPartner: Katedra hudobnej vedy FiF UK, Nad\u00e1cia J\u00e1na Cikkera, Slovensk\u00e1 muzikologick\u00e1 spolo\u010dnos\u0165<br \/>\nDate\/Time: Bratislava, 14. 12. 2011<\/p>\n<p><strong>2010<br \/>\nAd honorem Richard Rybari\u010d (Musicologica historica I)<\/strong><br \/>\n(On the occasion of the composer&#8217;s unreached 80th birthday)<br \/>\nOrganizer: \u00dastav hudobnej vedy SAV<br \/>\nDate\/Time: Bratislava, 12. 5. \u2013 13. 5. 2010<\/p>\n<p><strong>33th ethnomusicological seminar: Historical sources of traditional song, music and dance; The role of notable characters in traditional music and dance culture<\/strong><br \/>\nOrganizer: \u00dastav hudobnej vedy SAV<br \/>\nPartner: Z\u00e1horsk\u00e9 m\u00fazeum v Skalici<br \/>\nDate\/Time: Skalica, 5. 10. \u2013 7. 10. 2010<\/p>\n<p><strong>2009<br \/>\nA new paradigm of Christian liturgical music<\/strong><br \/>\nOrganizer: \u00dastav hudobnej vedy SAV<br \/>\nDate\/Time: Doln\u00e1 Krup\u00e1, 1. 6. \u2013 3. 6. 2009<\/p>\n<p><strong>Musiktheater in Raum und Zeit. Zur Geschichte der Theaterpraxis in Mitteleuropa im 19. und 20. Jahrhundert<\/strong><br \/>\nOrganizer: \u00dastav hudobnej vedy SAV \u2013 Katedra hudobnej vedy FiF UK<br \/>\nDate\/Time: Bratislava, 10. 9. \u2013 11. 9. 2009<\/p>\n<p><strong>2008<br \/>\nMusica Scepusii Veteris \u2013 conference dedicated to the\u00a0350th death anniversary of the organist and composer\u00a0J\u00e1n \u0160imr\u00e1k (Johann Schimrack, [?] \u2013 1657)<br \/>\n<\/strong>Organizer: \u00dastav hudobnej vedy SAV<br \/>\nPartner: Slavistick\u00fd \u00fastav J\u00e1na Stanislava SAV v Bratislave; Katedra pohybovej, estetickej a umeleckej v\u00fdchovy Pedagogickej fakulty Pre\u0161ovskej univerzity v Pre\u0161ove; Katedra hudby Fakulty humanitn\u00fdch a pr\u00edrodn\u00fdch vied Pre\u0161ovskej univerzity v Pre\u0161ove; \u0160t\u00e1tny arch\u00edv v Levo\u010di, pobo\u010dka Poprad; Pre\u0161ovsk\u00fd hudobn\u00fd spolok S\u00fazvuk<br \/>\nDate\/Time: Spi\u0161sk\u00e1 Sobota, 3. 3. \u2013 4. 3. 2008<\/p>\n<p><strong>Music-historical research in Slovakia at the start of the\u00a021st century\u00a0II<\/strong><br \/>\nOrganizer: Katedra hudobnej vedy Filozofickej fakulty UK v Bratislave<br \/>\nPartner: \u00dastav hudobnej vedy SAV<br \/>\nDate\/Time: Bratislava, 23. \u2013 25. 9. 2008<\/p>\n<p><strong>2007<br \/>\nStyle and music analysis of traditional music<\/strong><br \/>\nOrganizer: \u00dastav hudobnej vedy SAV v spolupr\u00e1ci s V\u00fdpo\u010dtov\u00fdm strediskom SAV<br \/>\nDate\/Time: Bratislava, 28. 11. 2007<\/p>\n<p><strong>A new paradigm of Christian liturgy music in the Slovak social environment<\/strong><br \/>\nOrganizer: \u00dastav hudobnej vedy SAV<br \/>\nPartner: Katol\u00edcka univerzita v Ru\u017eomberku<br \/>\nDate\/Time: Ru\u017eomberok, 24. 10. 2007<\/p>\n","protected":false},"excerpt":{"rendered":"<p>2016 Sources of Renaissance and Baroque music in Scepusia and in Europe \/ Quellen der Renaissance- und Barockmusik in der Zips und in Europa Organizer: \u00dastav hudobnej vedy SAV Bratislava Partners: Pre\u0161ovsk\u00fd hudobn\u00fd spolok S\u00fazvuk, Academia Istropolitana Nova Date\/Time: Sv\u00e4t\u00fd &hellip; <a href=\"https:\/\/uhv.sav.sk\/en\/scientific-research-activity\/conferences-and-seminars\/\">Continue reading <span class=\"meta-nav\">&rarr;<\/span><\/a><\/p>\n","protected":false},"author":1,"featured_media":0,"parent":73,"menu_order":0,"comment_status":"closed","ping_status":"closed","template":"","meta":{"_links_to":"","_links_to_target":""},"_links":{"self":[{"href":"https:\/\/uhv.sav.sk\/en\/wp-json\/wp\/v2\/pages\/75"}],"collection":[{"href":"https:\/\/uhv.sav.sk\/en\/wp-json\/wp\/v2\/pages"}],"about":[{"href":"https:\/\/uhv.sav.sk\/en\/wp-json\/wp\/v2\/types\/page"}],"author":[{"embeddable":true,"href":"https:\/\/uhv.sav.sk\/en\/wp-json\/wp\/v2\/users\/1"}],"replies":[{"embeddable":true,"href":"https:\/\/uhv.sav.sk\/en\/wp-json\/wp\/v2\/comments?post=75"}],"version-history":[{"count":7,"href":"https:\/\/uhv.sav.sk\/en\/wp-json\/wp\/v2\/pages\/75\/revisions"}],"predecessor-version":[{"id":326,"href":"https:\/\/uhv.sav.sk\/en\/wp-json\/wp\/v2\/pages\/75\/revisions\/326"}],"up":[{"embeddable":true,"href":"https:\/\/uhv.sav.sk\/en\/wp-json\/wp\/v2\/pages\/73"}],"wp:attachment":[{"href":"https:\/\/uhv.sav.sk\/en\/wp-json\/wp\/v2\/media?parent=75"}],"curies":[{"name":"wp","href":"https:\/\/api.w.org\/{rel}","templated":true}]}}