{"id":77,"date":"2014-10-13T09:00:02","date_gmt":"2014-10-13T07:00:02","guid":{"rendered":"http:\/\/uhv.sav.sk\/new2\/en\/?page_id=77"},"modified":"2017-03-29T10:02:48","modified_gmt":"2017-03-29T08:02:48","slug":"projects-and-grants","status":"publish","type":"page","link":"https:\/\/uhv.sav.sk\/en\/scientific-research-activity\/projects-and-grants\/","title":{"rendered":"Projects and Grants"},"content":{"rendered":"<h3><a title=\"Finished Projects\" href=\"\/en\/scientific-research-activity\/finished-projects\/\"><strong>Finished Projects&#8230;<\/strong><\/a><\/h3>\n<h3><strong><br \/>\nONGOING PROJECTS<\/strong><\/h3>\n<p><strong>International:<\/strong><\/p>\n<p><strong>Inter-Academic Agreement (MAD)<\/strong><\/p>\n<p>Title:\u00a0 <strong>Notovan\u00e9 pramene stredovek\u00e9ho Uhorska: transregion\u00e1lny v\u00fdskum a tvorba online datab\u00e1z<\/strong><br \/>\nID:<br \/>\nHolder: \u00daHV SAV<br \/>\nPartner: B\u00f6lcs\u00e9szettudom\u00e1nyi Kutat\u00f3k\u00f6zpont Zenetudom\u00e1nyi Int\u00e9zet Magyar Tudom\u00e1nyos Akad\u00e9mia<br \/>\nCoordinator: PhDr. Eva Veselovsk\u00e1, PhD.<br \/>\nTime span: 2016 \u2013 2017<\/p>\n<p><strong>National:<\/strong><\/p>\n<p><strong>APVV<\/strong><\/p>\n<p><em>\u00daHV SAV as\u00a0coordinator:<\/em><\/p>\n<p>Title: <strong>\u017dalostn\u00e9 piesne slovensk\u00fdch R\u00f3mov v kontexte \u017eivotn\u00fdch pr\u00edbehov<\/strong><br \/>\nID: APVV-0859-12<br \/>\nHolder: \u00daHV SAV<br \/>\nCoordinator: Jana Beli\u0161ov\u00e1<br \/>\nTime span: 2013-2017<\/p>\n<p><em>\u00daHV SAV as\u00a0partner:<\/em><\/p>\n<p>Title: <strong>Hudba v Bratislave<\/strong><br \/>\nID: APVV-14-0681<br \/>\nHolder: Katedra muzikol\u00f3gie FiFUK<br \/>\nCoordinator: Eva Veselovsk\u00e1<br \/>\nTime span: 2015-2019<\/p>\n<p>Title:\u00a0 <strong>3KRALI \u2013 T\u00e9ma Troch kr\u00e1\u013eov v umen\u00ed Slovenska \u2013 interdisciplin\u00e1rne \u0161t\u00fadie kult\u00farnej trad\u00edcie a komunik\u00e1cie<br \/>\n<\/strong>ID: APVV-15-0526<br \/>\nHolder: \u00dastav dej\u00edn umenia SAV<br \/>\nCoordinator: PhDr. Hana Urbancov\u00e1, DrSc.<br \/>\nTime span: 2016 \u2013 2020<\/p>\n<p><strong>VEGA<\/strong><\/p>\n<p><em>\u00daHV SAV as coordinator:<br \/>\n<\/em><\/p>\n<p>Title:\u00a0<strong> Hudobn\u00e1 topografia Slovenska v\u00a0premen\u00e1ch storo\u010d\u00ed<br \/>\n<\/strong>ID: VEGA 2\/0050\/17<br \/>\nHolder: \u00daHV SAV<br \/>\nPartner: Pedagogick\u00e1 fakulta\u00a0 UKF v\u00a0Nitre, Filozofick\u00e1 fakulta Pre\u0161ovskej univerzity v\u00a0Pre\u0161ove, Pedagogick\u00e1 fakulta Pre\u0161ovskej univerzity v Pre\u0161ove<br \/>\nCoordinator: PhDr. Janka Pet\u0151czov\u00e1, CSc.<br \/>\nTime span: 2017 \u2013 2020<\/p>\n<p>Title:\u00a0<strong> Obraz zbo\u017enosti v\u00a0stredovekej hudobnej kult\u00fare na Slovensku<\/strong><br \/>\nID: VEGA 2\/0034\/17<br \/>\nHolder: \u00daHV SAV<br \/>\nPartner: Pedagogick\u00e1 fakulta KU v Ru\u017eomberku<br \/>\nCoordinator: PhDr. Eva Veselovsk\u00e1, PhD.<br \/>\nTime span: 2017 \u2013 2020<\/p>\n<p>Title: <strong>Slovensk\u00e9 duchovn\u00e9 piesne a ich n\u00e1pevy v hudobn\u00fdch prame\u0148och 16.-18. storo\u010dia<\/strong><br \/>\nID: VEGA 2\/0127\/16<br \/>\nHolder: \u00daHV SAV<br \/>\nCoordinator: Peter Ru\u0161\u010din<br \/>\nTime span: 2016 \u2013 2019<em><br \/>\n<\/em><br \/>\nTitle: <strong>Zvukov\u00e9 vlastnosti historick\u00fdch organov na Slovensku<\/strong><br \/>\nID: VEGA 2\/0097\/15<br \/>\nHolder: \u00daHV SAV<br \/>\nPartner: Drev\u00e1rska fakulta TUZVO, \u00daSTARCH SAV<br \/>\nCoordinator: Andrej \u0160tafura<br \/>\nTime span: 2015 \u2013 2018<\/p>\n<p>Title: <strong>\u017dena v tradi\u010dnej hudobnej kult\u00fare<br \/>\n<\/strong>ID: VEGA 2\/0165\/14<br \/>\nHolder: \u00daHV SAV<br \/>\nCoordinator: Hana Urbancov\u00e1<br \/>\nTime span: 2014 \u2013 2017<\/p>\n<p><em>\u00daHV SAV as partner:<\/em><\/p>\n<p>Title:\u00a0<strong> Missale Romanum sign. Rkp. zv. 387 z\u00a0\u00dastrednej kni\u017enice SAV \u2013 v\u00fdskum a\u00a0pramenn\u00e1 ed\u00edcia<br \/>\n<\/strong>ID: VEGA 1\/105\/17<br \/>\nHolder: Pedagogick\u00e1 fakulta KU v Ru\u017eomberku<br \/>\nCoordinator: PhDr. Eva Veselovsk\u00e1, PhD.<br \/>\nTime span: 2017 \u2013\u00a02020<\/p>\n<p>Title: <strong>Slovensk\u00e1 opera ako umeleck\u00fd a spolo\u010densk\u00fd fenom\u00e9n<br \/>\n<\/strong>ID: VEGA 1\/0914\/15<br \/>\nHolder: Filozofick\u00e1 fakulta UK<br \/>\nCoordinator: Jana Laslav\u00edkov\u00e1<br \/>\nTime span: 2016 \u2013 2018<\/p>\n<p>Title: <strong>Form\u00e1lne orientovan\u00e9 te\u00f3rie hudby a ich analytick\u00e9 overovanie<br \/>\n<\/strong>ID: VEGA 1\/0637\/15<br \/>\nHolder: Filozofick\u00e1 fakulta UK<br \/>\nCoordinator: Zuzana Cenkerov\u00e1<br \/>\nTime span: 2016 \u2013 2018<\/p>\n<p><strong>Centres of Excellence SAV<\/strong><\/p>\n<p>Title: <strong>Hrady na Slovensku. Interdisciplin\u00e1rny prierezov\u00fd poh\u013ead na fenom\u00e9n hradov<br \/>\n<\/strong>ID: III\/1\/2013<br \/>\nHolder: Historick\u00fd \u00fastav SAV<br \/>\nPartners: \u00daSLL SAV, G\u00da SAV, \u00daSA SAV, \u00daKE SAV, FiFUK, FHV UMB, FiF UPJ\u0160, FiFPU<br \/>\nCoordinator for the Institute: Eva Veselovsk\u00e1<\/p>\n","protected":false},"excerpt":{"rendered":"<p>Finished Projects&#8230; ONGOING PROJECTS International: Inter-Academic Agreement (MAD) Title:\u00a0 Notovan\u00e9 pramene stredovek\u00e9ho Uhorska: transregion\u00e1lny v\u00fdskum a tvorba online datab\u00e1z ID: Holder: \u00daHV SAV Partner: B\u00f6lcs\u00e9szettudom\u00e1nyi Kutat\u00f3k\u00f6zpont Zenetudom\u00e1nyi Int\u00e9zet Magyar Tudom\u00e1nyos Akad\u00e9mia Coordinator: PhDr. Eva Veselovsk\u00e1, PhD. Time span: 2016 \u2013 &hellip; <a href=\"https:\/\/uhv.sav.sk\/en\/scientific-research-activity\/projects-and-grants\/\">Continue reading <span class=\"meta-nav\">&rarr;<\/span><\/a><\/p>\n","protected":false},"author":1,"featured_media":0,"parent":73,"menu_order":0,"comment_status":"closed","ping_status":"closed","template":"","meta":{"_links_to":"","_links_to_target":""},"_links":{"self":[{"href":"https:\/\/uhv.sav.sk\/en\/wp-json\/wp\/v2\/pages\/77"}],"collection":[{"href":"https:\/\/uhv.sav.sk\/en\/wp-json\/wp\/v2\/pages"}],"about":[{"href":"https:\/\/uhv.sav.sk\/en\/wp-json\/wp\/v2\/types\/page"}],"author":[{"embeddable":true,"href":"https:\/\/uhv.sav.sk\/en\/wp-json\/wp\/v2\/users\/1"}],"replies":[{"embeddable":true,"href":"https:\/\/uhv.sav.sk\/en\/wp-json\/wp\/v2\/comments?post=77"}],"version-history":[{"count":10,"href":"https:\/\/uhv.sav.sk\/en\/wp-json\/wp\/v2\/pages\/77\/revisions"}],"predecessor-version":[{"id":346,"href":"https:\/\/uhv.sav.sk\/en\/wp-json\/wp\/v2\/pages\/77\/revisions\/346"}],"up":[{"embeddable":true,"href":"https:\/\/uhv.sav.sk\/en\/wp-json\/wp\/v2\/pages\/73"}],"wp:attachment":[{"href":"https:\/\/uhv.sav.sk\/en\/wp-json\/wp\/v2\/media?parent=77"}],"curies":[{"name":"wp","href":"https:\/\/api.w.org\/{rel}","templated":true}]}}