{"id":79,"date":"2014-10-13T09:00:27","date_gmt":"2014-10-13T07:00:27","guid":{"rendered":"http:\/\/uhv.sav.sk\/new2\/en\/?page_id=79"},"modified":"2017-03-29T10:02:18","modified_gmt":"2017-03-29T08:02:18","slug":"finished-projects","status":"publish","type":"page","link":"https:\/\/uhv.sav.sk\/en\/scientific-research-activity\/finished-projects\/","title":{"rendered":"Finished Projects"},"content":{"rendered":"<p>(2007 \u2013 )<\/p>\n<p><strong>International:<\/strong><\/p>\n<p><strong>MAD<\/strong><\/p>\n<p>Title:<strong> Hudobn\u00e1 kult\u00fara na slovensko-po\u013eskom pomedz\u00ed<\/strong><strong>\u00a0II \/ Music Culture on the Slovak-Polish Borderland II<br \/>\n<\/strong>ID: MAD SAV-PAV-5<br \/>\nHolder: \u00daHV SAV<br \/>\nPartner: Instytut sztuki PAN<br \/>\nCoordinator: Hana Urbancov\u00e1<br \/>\nTime span: 2013 \u2013 1015<\/p>\n<p>Title: <strong>Hudba a tanec ako s\u00fa\u010das\u0165 eur\u00f3pskeho kult\u00farneho dedi\u010dstva II \/<\/strong><strong> Music and Dance as Part of the European Cultural Heritage II<\/strong><br \/>\nID: \u00a0MAD SAV-MTA<br \/>\nHolder: \u00daHV SAV<br \/>\nPartner: Zenetudom\u00e1nyi Int\u00e9zet MTA<br \/>\nCoordinator: Hana Urbancov\u00e1<br \/>\nTime span: 2010 \u2013 2012<\/p>\n<p>Title:<strong> Hudobn\u00e1 kult\u00fara na slovensko-po\u013eskom pomedz\u00ed<\/strong><strong> \/ Music Culture on the Slovak-Polish Borderland<br \/>\n<\/strong>ID: MAD SAV-PAV-4<br \/>\nHolder: \u00daHV SAV<br \/>\nPartner: Instytut sztuki PAN<br \/>\nCoordinator: Hana Urbancov\u00e1<br \/>\nTime span: 2010 \u2013 1012<\/p>\n<p>Title: <strong>Hudba a tanec ako s\u00fa\u010das\u0165 eur\u00f3pskeho kult\u00farneho dedi\u010dstva I \/ Music and Dance as Part of the European Cultural Heritage<\/strong><br \/>\nID: MAD SAV-MTA-18<br \/>\nHolder: \u00daHV SAV<br \/>\nPartner: Zenetudom\u00e1nyi Int\u00e9zet MTA<br \/>\nCoordinator: Juraj Lexmann<br \/>\nTime span: 2007 \u2013 2009<\/p>\n<p><strong>APVV<\/strong><\/p>\n<p>Title: <strong>VZ\u0164AHY \u2013 Slovensko-\u010desk\u00e9 a \u010desko-slovensk\u00e9 vz\u0165ahy v hudobnej kult\u00fare.<\/strong> <strong>V\u00fdvinov\u00e9, \u017e\u00e1nrov\u00e9 a typologick\u00e9 aspekty \/ Slovak-Czech and Czech-Slovak Relations in Music Culture. Developmental, Genre and Typological Aspects<br \/>\n<\/strong>ID: SK-CZ-0183-09<br \/>\nHolder: \u00daHV SAV<br \/>\nPartner: Kabinet hudebn\u00ed historie Etnologick\u00e9ho \u00fastavu AV \u010cR<br \/>\nCoordinator: Hana Urbancov\u00e1<br \/>\nTime span: 2010 \u2013 2011<\/p>\n<p><strong>IVF (International Visegrad Found)<br \/>\n<\/strong>Title: <strong>Ako \u010d\u00edta\u0165 trakt\u00e1t \/ How to Read a Tract<br \/>\n<\/strong>ID: IVF 10820113<br \/>\nHolder: \u00daSlL SAV<br \/>\nCoordinator: Timotea Vr\u00e1blov\u00e1<br \/>\nCoordinator for the Institute: Janka Pet\u0151czov\u00e1<br \/>\nTime span: 2008 \u2013 2009<\/p>\n<p>Title: <strong>Nov\u00e1 paradigma kres\u0165anskej liturgickej hudby \/ A New Paradigm of Christian Liturgical Music<\/strong><br \/>\nID: IVF 20820026<br \/>\nHolder: \u00daHV SAV<br \/>\nCoordinator: Juraj Lexmann<br \/>\nTime span: 2008 \u2013 2009<\/p>\n<p><strong>Multilateral \u2013 Other<\/strong><\/p>\n<p>Title: <strong>Voskov\u00e9 v\u00e1le\u010dky ve sb\u00edrk\u00e1ch Etnologick\u00e9ho \u00fastavu Akad\u00e9mie vied \u010ceskej republiky (pracovisko Brno) \/ Wax Cylinders from Collections of Ethnological Institute of the Academy of Sciences of the Czech Republic (Brno Office)<br \/>\n<\/strong>ID: Etnologick\u00fd pstav AV \u010cR \u2013 pracovi\u0161t\u011b Brno<br \/>\nCoordinator: Jarmila Proch\u00e1zkov\u00e1<br \/>\nCoordinator for the Institute: Hana Urbancov\u00e1<br \/>\nTime span: 2009 \u2013 2011<\/p>\n<p><strong>Other<\/strong><\/p>\n<p>Title: <strong>Obrady a folkl\u00f3r medzi kres\u0165anskou a\u00a0svetskou kult\u00farou<br \/>\n<\/strong>ID: 28\/2011<br \/>\nProgram: \u2013<br \/>\nHolder: \u00daEt SAV<br \/>\nCoordinator: Eva Krekovi\u010dov\u00e1<br \/>\nCoordinator for the Institute: Hana Urbancov\u00e1<br \/>\nTime span: 2011 \u2013 2013<\/p>\n<p>Title: <strong>Musikalische Quellen des Mittelalters in Wien (\u00d6sterreichische Nationalbibliothek) \/ Musikalische Quellen des Mittelalters in Wien (\u00d6sterreichische Nationalbibliothek)<br \/>\n<\/strong>ID: \u2013<br \/>\nHolder: Kommision f\u00fcr Musikforschung \u00d6sterreichische Akademie der Wissenschaften<br \/>\nCoordinator: Alexander Rausch<br \/>\nCoordinator for the Institute: Eva Veselovsk\u00e1<br \/>\nTime span: 2008<\/p>\n<p>Title: <strong>\u00d6sterreichisches Musiklexikon \/ \u00d6sterreichisches Musiklexikon<br \/>\n<\/strong>ID: \u2013<br \/>\nHolder: Akademie f\u00fcr Musik und darstellende Kunst vo Viedni<br \/>\nCoordinator for the Institute: Darina M\u00fadra<br \/>\nTime span: 2000 \u2013 2008<\/p>\n<p>Title: <strong>Die Musik in Geschichte und Gegenwart \u2013 hudobn\u00e1 encyklop\u00e9dia \/ Die Musik in Geschichte und Gegenwart \u2013 Music Encycopedia<br \/>\n<\/strong>ID: \u2013<br \/>\nHolder: B\u00e4renreiter-Verlag<br \/>\nCoordinator for the Institute: Osk\u00e1r Elschek \/ Jana Lengov\u00e1<br \/>\nTime span: 1998 \u2013 2008<\/p>\n<p><strong>National:<\/strong><\/p>\n<p><strong>Structural EU funds\u00a0Research and Development<br \/>\n<\/strong><\/p>\n<p>Title:\u00a0 <strong>EDUKS \u2013 Eur\u00f3pske dimenzie umeleckej kult\u00fary Slovenska<br \/>\n<\/strong>ID:\u00a0 26240120035<br \/>\nHolder: \u00daDU SAV<br \/>\nPartners: \u00daSvL SAV, \u00daSlL SAV, \u00daDFV SAV, S\u00daJS SAV<br \/>\nCoordinator: Ivan Ger\u00e1t<br \/>\nCoordinator for the Institute: Hana Urbancov\u00e1<br \/>\nTime span: 2012 \u2013 2013<br \/>\n<a href=\"http:\/\/www.dejum.sav.sk\/eduks\/\">http:\/\/www.dejum.sav.sk\/eduks\/<\/a><\/p>\n<p><strong>VEGA<\/strong><\/p>\n<p><i>\u00daHV SAV as coordinator:<\/i><\/p>\n<p>Title: <strong>CANTUS PLANUS &#8211; gregori\u00e1nsky chor\u00e1l na Slovensku ako fenom\u00e9n doby<br \/>\n<\/strong>ID: VEGA 2\/0031\/13<br \/>\nHolder: \u00daHV SAV<br \/>\nPartner: Pedagogick\u00e1 fakulta KU v Ru\u017eomberku<br \/>\nCoordinator: Eva Veselovsk\u00e1<br \/>\nTime span: 2013 \u2013 2016<\/p>\n<p>Title: <strong>Pramene renesan\u010dnej a barokovej hudby na Spi\u0161i a v Eur\u00f3pe<br \/>\n<\/strong>ID: VEGA 2\/0049\/13<br \/>\nHolder: \u00daHV SAV<br \/>\nPartner: Slavistick\u00fd \u00fastav J\u00e1na Stanislava SAV, Pedagogick\u00e1 fakulta PU v Pre\u0161ove<br \/>\nCoordinator: Janka Pet\u0151czov\u00e1<br \/>\nTime span: 2013 \u2013 2016<\/p>\n<p>Title: <strong>V\u00fdskum a pramenn\u00e1 ed\u00edcia gradu\u00e1la deponovan\u00e9ho v Slovenskom n\u00e1rodnom arch\u00edve v Bratislave, fond Kni\u017enice Bratislavskej kapituly, signat\u00fara Manuscripta 67<br \/>\n<\/strong>ID: VEGA 1\/0027\/13<br \/>\nHolder: Pedagogick\u00e1 fakulta KU v Ru\u017eomberku<br \/>\nCoordinator for the Institute: Eva Veselovsk\u00e1<br \/>\nTime span: 2013 \u2013 2016<\/p>\n<p>Title: <strong>Duchovn\u00e1 piese\u0148 v hudobnej kult\u00fare na Slovensku. P\u00edsomn\u00e9 pramene a \u00fastna trad\u00edcia<br \/>\n<\/strong>ID: VEGA 2\/0082\/12<br \/>\nHolder: \u00daHV SAV<br \/>\nCoordinator: Peter Ru\u0161\u010din<br \/>\nTime span: 2012 \u2013 2015<\/p>\n<p>Title: <strong>Kontexty hudby pre kl\u00e1vesov\u00e9 n\u00e1stroje na Slovensku: osobnosti, \u0161trukt\u00fara, funkcia<br \/>\n<\/strong>ID: VEGA 2\/0078\/12<br \/>\nHolder: \u00daHV SAV<br \/>\nPartners: Filozofick\u00e1 fakulta UK v Bratislave, Hudobn\u00e1 a\u00a0tane\u010dn\u00e1 fakulta V\u0160MU v Bratislave<br \/>\nCoordinator: Jana Lengov\u00e1<br \/>\nTime span: 2012 \u2013 2015<\/p>\n<p>Title: <strong>Kres\u0165ansk\u00e9 piesne R\u00f3mov na Slovensku<br \/>\n<\/strong>ID: VEGA 2\/0057\/12<br \/>\nHolder: \u00daHV SAV<br \/>\nPartner: Filmov\u00e1 a\u00a0telev\u00edzna fakulta V\u0160MU v Bratislave<br \/>\nCoordinator: Jana Beli\u0161ov\u00e1<br \/>\nTime span: 2012 \u2013 2014<\/p>\n<p>Title: <strong>Vplyv \u0161tyliz\u00e1cie folkl\u00f3rnych elementov na paradigmu umeleckej hudby<br \/>\n<\/strong>ID: VEGA 2\/0143\/11<br \/>\nHolder: \u00daHV SAV<br \/>\nPartners: Filozofick\u00e1 fakulta UK v Bratislave, Hudobn\u00e1 a\u00a0tane\u010dn\u00e1 fakulta V\u0160MU v Bratislave<br \/>\nCoordinator: Mark\u00e9ta \u0160tefkov\u00e1<br \/>\nTime span: 2011 \u2013 2014<\/p>\n<p>Title: <strong>Premeny tradi\u010dnej \u013eudovej hudby na Slovensku<br \/>\n<\/strong>ID: VEGA 2\/0078\/11<br \/>\nHolder: \u00daHV SAV<br \/>\nCoordinator: Al\u017ebeta Luk\u00e1\u010dov\u00e1<br \/>\nTime span: 2011 \u2013 2014<\/p>\n<p>Title: <strong>Hudba ako kult\u00farny fenom\u00e9n v dejin\u00e1ch Spi\u0161a<br \/>\n<\/strong>ID: VEGA 2\/ 0026\/10<br \/>\nHolder: \u00daHV SAV<br \/>\nPartner: Slavistick\u00fd \u00fastav J\u00e1na Stanislava SAV, Pedagogick\u00e1 fakulta PU v Pre\u0161ove<br \/>\nCoordinator: Janka Pet\u0151czov\u00e1<br \/>\nTime span: 2010 \u2013 2012<\/p>\n<p>Title: <strong>Pies\u0148ov\u00e9 \u017e\u00e1nre tradi\u010dnej kult\u00fary na Slovensku<br \/>\n<\/strong>ID: VEGA 2\/0165\/10<br \/>\nHolder: \u00daHV SAV<br \/>\nCoordinator: Hana Urbancov\u00e1<br \/>\nTime span: 2010 \u2013 2013<\/p>\n<p>Title: <strong>Pramene stredovekej hudby cirkevn\u00fdch kni\u017en\u00edc na Slovensku<br \/>\n<\/strong>ID: VEGA 2\/0125\/10<br \/>\nHolder: \u00daHV SAV<br \/>\nPartner: Pedagogick\u00e1 fakulta KU v Ru\u017eomberku<br \/>\nCoordinator: Eva Veselovsk\u00e1<br \/>\nTime span: 2010 \u2013 2012<\/p>\n<p>Title: <strong>Hudba pre kl\u00e1vesov\u00e9 n\u00e1stroje na Slovensku v 19. storo\u010d\u00ed<br \/>\n<\/strong>ID: VEGA 2\/0203\/09<br \/>\nHolder: \u00daHV SAV<br \/>\nPartner: Pedagogick\u00e1 fakulta UKF v Nitre<br \/>\nCoordinator: Jana Lengov\u00e1<br \/>\nTime span: 2009 \u2013 2011<\/p>\n<p>Title: <strong>Trad\u00edcia a inov\u00e1cia v hudobnej kult\u00fare postindustri\u00e1lnej spolo\u010dnosti. O zmen\u00e1ch soci\u00e1lneho statusu hudby pod vplyvom globaliza\u010dn\u00fdch procesov<br \/>\n<\/strong>ID: VEGA 2\/0198\/09<br \/>\nHolder: \u00daHV SAV<br \/>\nPartners: 3<br \/>\nCoordinator: Juraj Lexmann<br \/>\nTime span: 2009 \u2013 2011<\/p>\n<p>Title: <strong>Nov\u00e1 paradigma kres\u0165anskej liturgickej hudby v slovenskom soci\u00e1lnom prostred\u00ed<br \/>\n<\/strong>ID: VEGA 2\/0113\/28<br \/>\nHolder: \u00daHV SAV \/ Pedagogick\u00e1 fakulta KU v Ru\u017eomberku<br \/>\nCoordinator: Rastislav Podpera<br \/>\nTime span: 2008 \u2013 2010<\/p>\n<p>Title: <strong>Reflexia tvorby Antona Zimmermanna<br \/>\n<\/strong>ID: VEGA 2\/7024\/27<br \/>\nHolder: \u00daHV SAV<br \/>\nCoordinator: Darina M\u00fadra<br \/>\nTime span: 2007 \u2013 2009<\/p>\n<p>Title: <strong>Musica Scepusii Veteris \/Stasr\u00e1 hudba na Spi\u0161i\/ hudobno-kult\u00farne dedi\u010dstvo Spi\u0161a a jeho za\u010dle\u0148ovanie do dne\u0161n\u00fdch trad\u00edci\u00ed<br \/>\n<\/strong>ID: VEGA 2\/7023\/27<br \/>\nHolder: \u00daHV SAV<br \/>\nPartners: 2<br \/>\nCoordinator: Janka Pet\u0151czov\u00e1<br \/>\nTime span: 2007 \u2013 2009<\/p>\n<p>Title: <strong>Lament v hudbe<br \/>\n<\/strong>ID: VEGA 2\/7146\/27<br \/>\nHolder: \u00daHV SAV<br \/>\nCoordinator: Hana Urbancov\u00e1<br \/>\nTime span: 2007 \u2013 2009<\/p>\n<p>Title: <strong>Zborov\u00e1 tvorba druhej polovice 19. storo\u010dia na Slovensku<br \/>\n<\/strong>ID: VEGA 2\/6034\/27<br \/>\nHolder: \u00daHV SAV<br \/>\nCoordinator: Jana Lengov\u00e1<br \/>\nTime span: 2006 \u2013 2008<\/p>\n<p>Title: <strong>Hudba ako intermedi\u00e1lny jav informa\u010dnej spolo\u010dnosti<br \/>\n<\/strong>ID: VEGA 2\/6140\/27<br \/>\nHolder: \u00daHV SAV<br \/>\nPartners: 4<br \/>\nCoordinator: Juraj Lexmann<br \/>\nTime span: 2006 \u2013 2008<\/p>\n<p>Title: <strong>\u0160t\u00fdlov\u00e1 a zvukov\u00e1 anal\u00fdza tradi\u010dnej hudby<br \/>\n<\/strong>ID: VEGA 2\/5126\/27<br \/>\nHolder: \u00daHV SAV<br \/>\nPartners: 3<br \/>\nCoordinator: Osk\u00e1r Elschek \/ Margita Mat\u00fa\u0161kov\u00e1<br \/>\nTime span: 2005 \u2013 2007<\/p>\n<p><i>\u00daHV SAV as\u00a0partner:<\/i><\/p>\n<p>Title: <strong>Osobnos\u0165 a in\u0161tit\u00facia \u2013 symbi\u00f3za dvoch fenom\u00e9nov hudobnej kult\u00fary na Slovenska<br \/>\n<\/strong>ID: VEGA 1\/0140\/10<br \/>\nHolder: Pedagogick\u00e1 fakulta UKF v Nitre<br \/>\nCoordinator: Eva Sz\u00f3r\u00e1dov\u00e1<br \/>\nCoordinator for the Institute: Jana Lengov\u00e1<br \/>\nTime span: 2010 \u2013 2011<\/p>\n<p>Title: <strong>V\u00fdrazov\u00e9 prostriedky hudby 17. \u2013 18. storo\u010dia a ich vplyv na \u010fal\u0161\u00ed v\u00fdvoj hudby<br \/>\n<\/strong>ID: VEGA 1\/0092\/10<br \/>\nHolder: Fakulta humanitn\u00fdch a pr\u00edrodn\u00fdch vied PU v Pre\u0161ove<br \/>\nCoordinator: Karol Med\u0148ansk\u00fd<br \/>\nCoordinator for the Institute: Janka Pet\u0151czov\u00e1<br \/>\nTime span: 2010 \u2013 2011<\/p>\n<p>Title: <strong>Zvuk ako probl\u00e9m hudobnej estetiky. Pokus o etablovanie ekoestetick\u00fdch princ\u00edpov v hudobnoestetickom myslen\u00ed na Slovensku<br \/>\n<\/strong>ID: VEGA 1\/0096\/09<br \/>\nHolder: Fakulta pr\u00edrodn\u00fdch vied \u017dU v \u017diline<br \/>\nCoordinator: Ren\u00e1ta Beli\u010dov\u00e1<br \/>\nCoordinator for the Institute: Juraj Lexmann<br \/>\nTime span: 2009 \u2013 2011<\/p>\n<p>Title: <strong>Folkl\u00f3rne \u017e\u00e1nre a soci\u00e1lna komunik\u00e1cia<br \/>\n<\/strong>ID: VEGA<br \/>\nHolder: \u00daEt SAV<br \/>\nCoordinator: Eva Krekovi\u010dov\u00e1<br \/>\nCoordinator for the Institute: Hana Urbancov\u00e1<br \/>\nTime span: 2008 \u2013 2010<\/p>\n<p>Title: <strong>Mestsk\u00e9 divadlo v Bratislave v rokoch 1886-1920 a SND vrokoch 1920-1945 &#8211; pramene a kontexty (so zvl\u00e1\u0161tnym zrete\u013eom na hudobn\u00e9 divadlo)<br \/>\n<\/strong>ID: VEGA<br \/>\nHolder: Filozofick\u00e1 fakulta UK<br \/>\nCoordinator: Vladim\u00edr Zvara<br \/>\nCoordinator for the Institute: Jana Lengov\u00e1<br \/>\nTime span: 2007 \u2013 2009<\/p>\n<p>Title: <strong>Hudobn\u00e1 kult\u00fara miest a regi\u00f3nov na Slovensku po\u010das star\u0161\u00edch dej\u00edn &#8211; od stredoveku do konca 19. storo\u010dia<br \/>\n<\/strong>ID: VEGA 1\/3723\/07<br \/>\nHolder: Filozofick\u00e1 fakulta UK<br \/>\nCoordinator: Marta Hulkov\u00e1<br \/>\nCoordinator for the Institute: Darina M\u00fadra<br \/>\nTime span: 2006 \u2013 2008<\/p>\n<p>Title: <strong>Bratislava \u2013 mesto hudby. Zdroje,predpoklady, podmienky.a \u0161trukt\u00fara v\u00fdvojov\u00fdch premien hudobnej kult\u00fary v hlavnom meste Slovenska v 20. storo\u010d\u00ed<br \/>\n<\/strong>ID: VEGA 1\/3722\/06<br \/>\nHolder: Filozofick\u00e1 fakulta UK<br \/>\nCoordinator: \u013dubom\u00edr Chalupka<br \/>\nCoordinator for the Institute: Norbert Adamov<br \/>\nTime span: 2006 \u2013 2008<\/p>\n<p>Title:\u00a0<strong>Spi\u0161sk\u00fd antifon\u00e1r sign. Ms. No.2 ako prame\u0148 hudobnej kult\u00fary na Spi\u0161i na prelome 15. a 16. storo\u010dia<br \/>\n<\/strong>ID: VEGA 1\/3727\/27<br \/>\nHolder: Pedagogick\u00e1 fakulta KU v Ru\u017eomberku<br \/>\nCoordinator: Rastislav Adamko<br \/>\nCoordinator for the Institute: Eva Veselovsk\u00e1<br \/>\nTime span: 2006 \u2013 2008<\/p>\n<p><strong>APVV<\/strong><\/p>\n<p>Title: <strong>Pramene stredovekej cirkevnej hudby na Slovensku<br \/>\n<\/strong>ID: APVV-51-043605<br \/>\nHolder: \u00daHV SAV<br \/>\nPartner: Pedagogick\u00e1 fakulta KU v Ru\u017eomberku<br \/>\nCoordinator: Eva Veselovsk\u00e1<br \/>\nTime span: 2006 \u2013 2009<\/p>\n<p>Title: <strong>Prieskum, konzervovanie a kult\u00farnohistorick\u00e9 zhodnotenie pergamenov\u00fdch dokumentov v Slovenskej n\u00e1rodnej kni\u017enici<br \/>\n<\/strong>ID: APVV-0165-06<br \/>\nHolder: Slovensk\u00e1 n\u00e1rodn\u00e1 kni\u017enica v Martine<br \/>\nCoordinator for the Institute: Eva Veselovsk\u00e1<br \/>\nTime span: 2007 \u2013 2010<\/p>\n","protected":false},"excerpt":{"rendered":"<p>(2007 \u2013 ) International: MAD Title: Hudobn\u00e1 kult\u00fara na slovensko-po\u013eskom pomedz\u00ed\u00a0II \/ Music Culture on the Slovak-Polish Borderland II ID: MAD SAV-PAV-5 Holder: \u00daHV SAV Partner: Instytut sztuki PAN Coordinator: Hana Urbancov\u00e1 Time span: 2013 \u2013 1015 Title: Hudba a &hellip; <a href=\"https:\/\/uhv.sav.sk\/en\/scientific-research-activity\/finished-projects\/\">Continue reading <span class=\"meta-nav\">&rarr;<\/span><\/a><\/p>\n","protected":false},"author":1,"featured_media":0,"parent":73,"menu_order":0,"comment_status":"closed","ping_status":"closed","template":"","meta":{"_links_to":"","_links_to_target":""},"_links":{"self":[{"href":"https:\/\/uhv.sav.sk\/en\/wp-json\/wp\/v2\/pages\/79"}],"collection":[{"href":"https:\/\/uhv.sav.sk\/en\/wp-json\/wp\/v2\/pages"}],"about":[{"href":"https:\/\/uhv.sav.sk\/en\/wp-json\/wp\/v2\/types\/page"}],"author":[{"embeddable":true,"href":"https:\/\/uhv.sav.sk\/en\/wp-json\/wp\/v2\/users\/1"}],"replies":[{"embeddable":true,"href":"https:\/\/uhv.sav.sk\/en\/wp-json\/wp\/v2\/comments?post=79"}],"version-history":[{"count":8,"href":"https:\/\/uhv.sav.sk\/en\/wp-json\/wp\/v2\/pages\/79\/revisions"}],"predecessor-version":[{"id":345,"href":"https:\/\/uhv.sav.sk\/en\/wp-json\/wp\/v2\/pages\/79\/revisions\/345"}],"up":[{"embeddable":true,"href":"https:\/\/uhv.sav.sk\/en\/wp-json\/wp\/v2\/pages\/73"}],"wp:attachment":[{"href":"https:\/\/uhv.sav.sk\/en\/wp-json\/wp\/v2\/media?parent=79"}],"curies":[{"name":"wp","href":"https:\/\/api.w.org\/{rel}","templated":true}]}}