{"id":83,"date":"2014-10-13T09:01:16","date_gmt":"2014-10-13T07:01:16","guid":{"rendered":"http:\/\/uhv.sav.sk\/new2\/en\/?page_id=83"},"modified":"2023-09-14T19:17:16","modified_gmt":"2023-09-14T17:17:16","slug":"monografie-zborniky-katalogy","status":"publish","type":"page","link":"https:\/\/uhv.sav.sk\/en\/scientific-research-activity\/publications\/monografie-zborniky-katalogy\/","title":{"rendered":"Monographs, collections, catalogues"},"content":{"rendered":"<p style=\"text-align: justify;\"><img decoding=\"async\" loading=\"lazy\" class=\"alignleft wp-image-851\" src=\"http:\/\/uhv.sav.sk\/wp-content\/uploads\/2023\/09\/Studenicova_Kantori-varhanici-trubaci.jpg\" alt=\"CatalogusFragmentorum-scaled\" width=\"80\" height=\"115\"><\/p>\n<p style=\"text-align: justify;\"><strong>STUDENI\u010cOV\u00c1, Hana: Kanto\u0159i, varhan\u00edci, truba\u010di: Hudebn\u00ed kultura moravsk\u00fdch kr\u00e1lovsk\u00fdch m\u011bst v letech 1500\u20131620. Brno: Statut\u00e1rn\u00ed m\u011bsto Brno, Archiv m\u011bsta Brna, 2023. 402 s. ISBN 978-80-86736-73-0.<\/strong><\/p>\n<p style=\"text-align: justify;\"><a href=\" https:\/\/uhv.sav.sk\/en\/thank-you-for-your-interest\/\">Buy<\/a><\/p>\n<p style=\"text-align: justify;\"><img decoding=\"async\" loading=\"lazy\" class=\"alignleft wp-image-851\" src=\"http:\/\/uhv.sav.sk\/wp-content\/uploads\/2023\/05\/Missale-Notatum-Lundense-Pars-Aestivalis.jpg\" alt=\"CatalogusFragmentorum-scaled\" width=\"80\" height=\"115\"><\/p>\n<p style=\"text-align: justify;\"><strong>ADAMKO, Rastislav &#8211; BEDN\u00c1RIKOV\u00c1, Janka &#8211; LUZ, Rastislav &#8211; S\u00ddKORA, Adam &#8211; VESELOVSK\u00c1, Eva &#8211; ZAHRADN\u00cdKOV\u00c1, Zuzana. Missale Notatum Lundense Pars Aestivalis : Results of Previous Research on the Source and Facsimilies. Rastislav Adamko (ed.). 1. vydanie. Berlin : Peter Lang, 2022. 774 p. ISBN 978-3-631-85830-1.<\/strong><\/p>\n<p style=\"text-align: justify;\"><a href=\" https:\/\/uhv.sav.sk\/en\/thank-you-for-your-interest\/\">Buy<\/a><\/p>\n<hr>\n<p style=\"text-align: justify;\"><img decoding=\"async\" loading=\"lazy\" class=\"alignleft wp-image-851\" src=\"http:\/\/uhv.sav.sk\/wp-content\/uploads\/2023\/05\/Tomus-VIII-scaled.jpg\" alt=\"CatalogusFragmentorum-scaled\" width=\"80\" height=\"115\"><\/p>\n<p style=\"text-align: justify;\"><strong>VESELOVSK\u00c1, Eva &#8211; LAZOR\u00cdK, Eduard. Catalogus fragmentorum medii aevi &#8211; Archivum Civitatis Cassoviensis. Reviewed by: Andrea Me\u0161\u010danov\u00e1, Dalibor Havel. 1. vydanie. Bratislava : Institut of Musicology of the Slovak Academy of Sciences, 2022. 262 s. Catalogus fragmentorum cum notis musicis medii aevi in Slovaca, Tomus VIII. ISBN 978-80-89135-53-0.<\/strong><\/p>\n<p style=\"text-align: justify;\"><a href=\" https:\/\/uhv.sav.sk\/en\/thank-you-for-your-interest\/\">Buy<\/a><\/p>\n<hr>\n<p style=\"text-align: justify;\"><img decoding=\"async\" loading=\"lazy\" class=\"alignleft wp-image-851\" src=\"http:\/\/uhv.sav.sk\/wp-content\/uploads\/2023\/05\/Tomus-VII.jpg\" alt=\"CatalogusFragmentorum-scaled\" width=\"80\" height=\"115\"><\/p>\n<p style=\"text-align: justify;\"><strong>VESELOVSK\u00c1, Eva \u2013 BEDN\u00c1RIKOV\u00c1, Janka \u2013 LAZOR\u00cdK, Eduard. Catalogus fragmentorum medii aevi ex castello Betliar : Mittelalterliche Fragmente aus Betler (Betliar). Gutachter: Zsuzsa Czag\u00e1ny, Juraj \u0160ediv\u00fd. Bratislava: Institut f\u00fcr Musikwissenschaft der Slowakischen Akademie der Wissenschaften, 2021. 151 s. Catalogus fragmentorum cum notis musicis medii aevi in Slovaca, Tomus VII. ISBN 978-80-89135-49-3.<\/strong><\/p>\n<p style=\"text-align: justify;\"><a href=\" https:\/\/uhv.sav.sk\/en\/thank-you-for-your-interest\/\">Buy<\/a><\/p>\n<hr>\n<p style=\"text-align: justify;\"><img decoding=\"async\" loading=\"lazy\" class=\"alignleft wp-image-851\" src=\"http:\/\/uhv.sav.sk\/wp-content\/uploads\/2022\/03\/02161136Tradicna_obalka-scaled.jpg\" alt=\"CatalogusFragmentorum-scaled\" width=\"80\" height=\"115\"><\/p>\n<p style=\"text-align: justify;\"><strong>LOMEN, Kristina. Tradi\u010dn\u00e1 pies\u0148ov\u00e1 kult\u00fara Slov\u00e1kov v Starej Pazove v Srbsku [The Traditional Song Culture of Slovakia in Star\u00e1 Pazova, Serbia]. Recenzenti: Milina Sklabinsk\u00e1, Hana Urbancov\u00e1. Bratislava : \u00dastav hudobnej vedy SAV, 2021. 519 s., pr\u00edl. CD. ISBN 978-80-89135-52-3.<\/strong><\/p>\n<p style=\"text-align: justify;\"><a href=\" https:\/\/uhv.sav.sk\/en\/thank-you-for-your-interest\/\">Buy<\/a><\/p>\n<hr>\n<p style=\"text-align: justify;\"><img decoding=\"async\" loading=\"lazy\" class=\"alignleft wp-image-851\" src=\"http:\/\/uhv.sav.sk\/wp-content\/uploads\/2022\/03\/02170853Hudba_kralov_obal_3.jpg\" alt=\"CatalogusFragmentorum-scaled\" width=\"80\" height=\"115\"><\/p>\n<p style=\"text-align: justify;\"><strong>URBANCOV\u00c1, Hana &#8211; RU\u0160\u010cIN, Peter &#8211; VESELOVSK\u00c1, Eva. Music for the Feast of Three Kings in Slovakia: from the Middle Ages to the 20th Century. Studies and Anthology = Hudba k sviatku Troch kr\u00e1\u013eov na Slovensku: od stredoveku po 20. storo\u010die. \u0160t\u00fadie a antol\u00f3gia. Recenzenti: Jana Lengov\u00e1, Anna \u017dilkov\u00e1. Bratislava : \u00dastav hudobnej vedy SAV, 2021. 284 p. ISBN 978-80-89135-51-6, ISMN 979-0-9010032-7-9.<\/strong><\/p>\n<p style=\"text-align: justify;\"><a href=\" https:\/\/uhv.sav.sk\/en\/thank-you-for-your-interest\/\">Buy<\/a><\/p>\n<hr>\n<p style=\"text-align: justify;\"><img decoding=\"async\" loading=\"lazy\" class=\"alignleft wp-image-851\" src=\"http:\/\/uhv.sav.sk\/wp-content\/uploads\/2023\/05\/The-Image-of-Piety-in-Medieval-Manuscripts-.jpg\" alt=\"CatalogusFragmentorum-scaled\" width=\"80\" height=\"115\"><\/p>\n<p style=\"text-align: justify;\"><strong>VESELOVSK\u00c1, Eva (Ed.). The Image of Piety in Medieval Manuscripts in Slovakia and in Europe. Reviewed by Roman Hankeln and Vladim\u00edr Ma\u0148as. Bratislava : Institute of Musicology of the Slovak Academy of Sciences, 2021. 125 p. ISBN 978-80-89135-50-9.<\/strong><\/p>\n<p style=\"text-align: justify;\"><a href=\" https:\/\/uhv.sav.sk\/en\/thank-you-for-your-interest\/\">Buy<\/a><\/p>\n<hr>\n<p style=\"text-align: justify;\"><img decoding=\"async\" loading=\"lazy\" class=\"alignleft wp-image-851\" src=\"http:\/\/uhv.sav.sk\/wp-content\/uploads\/2021\/02\/CatalogusFragmentorum-scaled.jpg\" alt=\"CatalogusFragmentorum-scaled\" width=\"80\" height=\"115\"><\/p>\n<p style=\"text-align: justify;\"><strong>Veronika GARAJOV\u00c1: Catalogus fragmentorum cum notis musicis medii aevi e civitate Trenchini. Bratislava : Institute of Musicology of the Slovak Academy of Sciences, 2020. 135 p. Catalogus fragmentorum cum notis musicis medii aevi in Slovacia, Tomus VI. ISBN 978-80-89135-44-8.<\/strong><\/p>\n<p style=\"text-align: justify;\"><a href=\" https:\/\/uhv.sav.sk\/en\/thank-you-for-your-interest\/\">Buy<\/a><\/p>\n<hr>\n<p style=\"text-align: justify;\"><img decoding=\"async\" loading=\"lazy\" class=\"alignleft wp-image-851\" src=\"http:\/\/uhv.sav.sk\/wp-content\/uploads\/2021\/02\/Notated-Sources.jpg\" alt=\"Notated-Sources\" width=\"80\" height=\"115\"><\/p>\n<p style=\"text-align: justify;\"><strong>Eva VESELOVSK\u00c1 \u2013 Zsuzsa CZAG\u00c1NY (eds): Notated Sources from Medieval Europe and Medieval Hungary. Transregional Research and Online Database Building. Bratislava \u2013 Budapest: Institute of Musicology of the Slovak Academy of Sciences \u2013 Institute of Musicology, Research Centre for the Humanities, 2020. 101 p. ISBN 978-80-89135-48-6 .<\/strong><\/p>\n<p style=\"text-align: justify;\"><a href=\" https:\/\/uhv.sav.sk\/en\/thank-you-for-your-interest\/\">Buy<\/a><\/p>\n<hr>\n<p style=\"text-align: justify;\"><img decoding=\"async\" loading=\"lazy\" class=\"alignleft wp-image-851\" src=\"http:\/\/uhv.sav.sk\/wp-content\/uploads\/2021\/02\/MS_TS.jpg\" alt=\"MS_TS\" width=\"80\" height=\"115\"><\/p>\n<p style=\"text-align: justify;\"><strong>Michal \u0160\u010cEP\u00c1N: Tade\u00e1\u0161 Salva. \u017divot a dielo. Tade\u00e1\u0161 Salva. \u017divot a dielo. Bratislava : \u00dastav hudobnej vedy SAV, 2020, 248 s. ISBN 978-80-89135-47-9.<\/strong><\/p>\n<p style=\"text-align: justify;\"><a href=\" https:\/\/uhv.sav.sk\/en\/thank-you-for-your-interest\/\">Buy<\/a><\/p>\n<hr>\n<p style=\"text-align: justify;\"><img decoding=\"async\" loading=\"lazy\" class=\"alignleft wp-image-851\" src=\"http:\/\/uhv.sav.sk\/wp-content\/uploads\/2020\/06\/obr11.jpg\" alt=\"Topografia hudby klasicizmu na Slovensku z poh\u013eadu kanonick\u00fdch vizit\u00e1ci\u00ed\" width=\"80\" height=\"115\"><\/p>\n<p style=\"text-align: justify;\"><strong>Darina M\u00daDRA: Topografia hudby klasicizmu na Slovensku : z poh\u013eadu kanonick\u00fdch vizit\u00e1ci\u00ed. I \u2013 III. Bratislava, VEDA, vydavate\u013estvo Slovenskej akad\u00e9mie vied, 2019. 1318 s. ISBN 978-80-224-1742-6.<\/strong><\/p>\n<p style=\"text-align: justify;\"><a href=\" https:\/\/uhv.sav.sk\/en\/thank-you-for-your-interest\/\">Buy<\/a><\/p>\n<hr>\n<p style=\"text-align: justify;\"><img decoding=\"async\" loading=\"lazy\" class=\"alignleft wp-image-851\" src=\"http:\/\/uhv.sav.sk\/wp-content\/uploads\/2020\/06\/obr1.jpg\" alt=\"Stephanie Wurmbrand-Stuppachov\u00e1\" width=\"80\" height=\"115\"><\/p>\n<p style=\"text-align: justify;\"><strong>Jana LENGOV\u00c1: Stephanie Wurmbrand-Stuppachov\u00e1 (1849 \u2212 1919) : \u017divot, dielo, kore\u0161pondencia [Stephanie Wurmbrand-Stuppach (1849\u22121919) : Life, Work, Correspondence]. Bratislava, \u00dastav hudobnej vedy SAV, 2019. 248 s. ISBN 978-80-89135-41-7.<\/strong><\/p>\n<p style=\"text-align: justify;\"><a href=\" https:\/\/uhv.sav.sk\/en\/thank-you-for-your-interest\/\">Buy<\/a><\/p>\n<hr>\n<p style=\"text-align: justify;\"><img decoding=\"async\" loading=\"lazy\" class=\"alignleft wp-image-851\" src=\"http:\/\/uhv.sav.sk\/wp-content\/uploads\/2020\/06\/20191003_Tomus_V_obalka.jpg\" alt=\"20191003_Tomus_V_obalka\" width=\"80\" height=\"115\"><\/p>\n<p style=\"text-align: justify;\"><strong>Eva VESELOVSK\u00c1: Catalogus fragmentorum cum notis musicis medii aevi e civitate Kesmarkini. Recenzenti: Rastislav Adamko, Janka Bedn\u00e1rikov\u00e1. Bratislava : Institut f\u00fcr Musikwissenschaft der Slowakischen Akademie der Wissenschaften, 2019. 132 s. Catalogus fragmentorum cum notis musicis medii aevi in Slovacia, Tomus V. ISBN 978-80-89135-43-1.<\/strong><\/p>\n<p style=\"text-align: justify;\"><a href=\" https:\/\/uhv.sav.sk\/en\/thank-you-for-your-interest\/\">Buy<\/a><\/p>\n<hr>\n<p style=\"text-align: justify;\"><img decoding=\"async\" loading=\"lazy\" class=\"alignleft wp-image-851\" src=\"http:\/\/uhv.sav.sk\/wp-content\/uploads\/2020\/06\/duchovna-piesen-obalka.jpg\" alt=\"duchovna-piesen-obalka\" width=\"80\" height=\"115\"><\/p>\n<p style=\"text-align: justify;\"><strong>Peter RU\u0160\u010cIN \u2013 Eva VESELOVSK\u00c1 \u2013 Zlatica KENDROV\u00c1: Duchovn\u00e1 piese\u0148 medzi p\u00edsomnou a \u00fastnou trad\u00edciou. Bratislava, \u00dastav hudobnej vedy SAV, 2019. ISBN 978-80-89135-36-3.<\/strong><\/p>\n<p style=\"text-align: justify;\"><a href=\" https:\/\/uhv.sav.sk\/en\/thank-you-for-your-interest\/\">Buy<\/a><\/p>\n<hr>\n<p style=\"text-align: justify;\"><strong><img decoding=\"async\" loading=\"lazy\" class=\"alignleft wp-image-869\" src=\"http:\/\/uhv.sav.sk\/wp-content\/uploads\/2014\/09\/veselovska_2017-205x300.jpg\" alt=\"veselovska_2017\" width=\"80\" height=\"117\"><\/strong><strong>Eva VESELOVSK\u00c1, Rastislav ADAMKO, Janka BEDN\u00c1RIKOV\u00c1: Stredovek\u00e9 pramene cirkevnej hudby na Slovensku<\/strong><strong>.<\/strong> Bratislava : Slovensk\u00e1 muzikologick\u00e1 spolo\u010dnos\u0165 \u2013 \u00dastav hudobnej vedy SAV, 2017, 279 s. ISBN 978-80-89135-38-7.<\/p>\n<p style=\"text-align: justify;\"><a href=\" https:\/\/uhv.sav.sk\/en\/thank-you-for-your-interest\/\">Buy<\/a><\/p>\n<hr>\n<p style=\"text-align: justify;\"><strong><img decoding=\"async\" loading=\"lazy\" class=\"alignleft wp-image-848\" src=\"http:\/\/uhv.sav.sk\/wp-content\/uploads\/2014\/09\/Vybran\u00e9_kapitoly-208x300.jpg\" alt=\"Vybran\u00e9_kapitoly\" width=\"80\" height=\"115\"><\/strong><strong>Hana URBANCOV\u00c1: Vybran\u00e9 kapitoly z dej\u00edn slovenskej etnomuzikol\u00f3gie<\/strong><strong>.<\/strong> Bratislava : \u00dastav hudobnej vedy SAV, 2016. 170 s. ISBN 978-80-89135-37-0.<\/p>\n<p style=\"text-align: justify;\"><a href=\" https:\/\/uhv.sav.sk\/en\/thank-you-for-your-interest\/\">Buy<\/a><\/p>\n<hr>\n<p style=\"text-align: justify;\"><strong><img decoding=\"async\" loading=\"lazy\" class=\"alignleft wp-image-894\" src=\"http:\/\/uhv.sav.sk\/wp-content\/uploads\/2014\/09\/Historicke_organy-211x300.jpg\" alt=\"Historicke_organy\" width=\"80\" height=\"114\">Andrej \u0160tafura: Historick\u00e9 organy stredn\u00e9ho Gemera: Dejiny a dispoz\u00edcia organov \/ Historical Pipe Organs of Central Gemer: History and Specifications of Pipe Organs.<\/strong>&nbsp;Rev\u00faca&nbsp;: Quirinus, o.z., 2016, 80&nbsp;s. ISBN 978-80-972541-0-0.<strong><br \/>\n<\/strong><\/p>\n<p style=\"text-align: justify;\"><a href=\" https:\/\/uhv.sav.sk\/en\/thank-you-for-your-interest\/\">Buy<\/a><\/p>\n<hr>\n<p style=\"text-align: justify;\"><strong><a href=\"http:\/\/uhv.sav.sk\/wp-content\/uploads\/2014\/09\/Hudba-vy\u0301skum-kontexty-oba\u0301lka.jpg\" rel=\"lightbox[83]\"><img decoding=\"async\" loading=\"lazy\" class=\"alignleft wp-image-781\" src=\"http:\/\/uhv.sav.sk\/wp-content\/uploads\/2014\/09\/Hudba-vy\u0301skum-kontexty-oba\u0301lka-214x300.jpg\" alt=\"Hudba vy\u0301skum kontexty oba\u0301lka\" width=\"80\" height=\"112\"><\/a>Jana LENGOV\u00c1 (ed.): <\/strong><strong>Hudba \u2013 v\u00fdskum \u2013 kontexty. Zborn\u00edk pr\u00edspevkov z region\u00e1lnej konferencie venovanej 100. v\u00fdro\u010diu narodenia Franti\u0161ka Zagibu, usporiadanej 29. novembra 2012 v Jel\u0161ave.<\/strong> (=Hudobn\u00e1 kult\u00fara Gemera a Malohontu v kontextoch.) Bratislava : \u00dastav hudobnej vedy SAV v spolupr\u00e1ci s Quirinus, o.z., 2015, 164 s. ISBN 978-80-89135-33-2.<\/p>\n<p style=\"text-align: justify;\"><a href=\" https:\/\/uhv.sav.sk\/en\/thank-you-for-your-interest\/\">Buy<\/a><\/p>\n<hr>\n<p><strong><a href=\"http:\/\/uhv.sav.sk\/wp-content\/uploads\/2014\/09\/Obal-knihy.jpg\" rel=\"lightbox[83]\"><img decoding=\"async\" loading=\"lazy\" class=\"alignleft wp-image-684\" src=\"http:\/\/uhv.sav.sk\/wp-content\/uploads\/2014\/09\/Obal-knihy-240x300.jpg\" alt=\"Obal knihy\" width=\"80\" height=\"100\"><\/a>Marianna B\u00e1rdiov\u00e1 a kol.: Zdenko Mikula (1916 &#8211; 2012). R\u00e1d som \u017eil a tvoril.<\/strong>&nbsp;Akad\u00e9mia umen\u00ed Bansk\u00e1 Bystrica, 2015. 159 s. ISBN 978-80-89555-62-8.<\/p>\n<p style=\"text-align: justify;\"><a href=\" https:\/\/uhv.sav.sk\/en\/thank-you-for-your-interest\/\">Buy<\/a><\/p>\n<hr>\n<p><strong><a href=\"http:\/\/uhv.sav.sk\/wp-content\/uploads\/2016\/02\/sun_devla.jpg\" rel=\"lightbox[83]\"><img decoding=\"async\" loading=\"lazy\" class=\"alignleft wp-image-568\" src=\"http:\/\/uhv.sav.sk\/wp-content\/uploads\/2016\/02\/sun_devla-234x300.jpg\" alt=\"sun_devla\" width=\"80\" height=\"103\"><\/a>Jana BELI\u0160OV\u00c1:&nbsp;\u0160un, Devla, \u0161un tu man. Po\u010d\u00favaj ma, Bo\u017ee, po\u010d\u00favaj. R\u00f3mske kres\u0165ansk\u00e9 piesne a pr\u00edbehy<\/strong>. Bratislava : \u00dastav hudobnej vedy SAV: \u017dudro, 2015. 166 s. ISBN 978-80-970748-3-8.<\/p>\n<p style=\"text-align: justify;\"><a href=\" https:\/\/uhv.sav.sk\/en\/thank-you-for-your-interest\/\">Buy<\/a><\/p>\n<hr>\n<p style=\"text-align: justify;\"><strong><a href=\"http:\/\/uhv.sav.sk\/wp-content\/uploads\/2014\/09\/prinos_osobnosti_gemer.jpg\" rel=\"lightbox[83]\"><img decoding=\"async\" loading=\"lazy\" class=\"alignleft wp-image-618\" src=\"http:\/\/uhv.sav.sk\/wp-content\/uploads\/2014\/09\/prinos_osobnosti_gemer-205x300.jpg\" alt=\"prinos_osobnosti_gemer\" width=\"80\" height=\"117\"><\/a>Jana LENGOV\u00c1 (ed.): Pr\u00ednos osobnost\u00ed pre rozvoj hudobnej kult\u00fary Gemera a Malohontu. Zborn\u00edk pr\u00edspevkov z muzikologickej konferencie v Rev\u00facej 1. decembra 2011.<\/strong> (=Hudobn\u00e1 kult\u00fara Gemera a Malohontu v kontextoch.) Bratislava : \u00dastav hudobnej vedy SAV : Quirinus, o.z., 2014, 128 s. ISBN 978-80-89135-32-5.<\/p>\n<p style=\"text-align: justify;\"><a href=\" https:\/\/uhv.sav.sk\/en\/thank-you-for-your-interest\/\">Buy<\/a><\/p>\n<hr>\n<p style=\"text-align: justify;\"><strong><a href=\"http:\/\/uhv.sav.sk\/wp-content\/uploads\/2014\/09\/o_del_dzivel.jpg\" rel=\"lightbox[83]\"><img decoding=\"async\" loading=\"lazy\" class=\"alignleft wp-image-575\" src=\"http:\/\/uhv.sav.sk\/wp-content\/uploads\/2014\/09\/o_del_dzivel-206x300.jpg\" alt=\"o_del_dzivel\" width=\"80\" height=\"117\"><\/a>Jana BELI\u0160OV\u00c1 &#8211; Zuzana MOJ\u017dI\u0160OV\u00c1:&nbsp;O Del d\u017eivel. Boh \u017eije. Kres\u0165ansk\u00e9 piesne R\u00f3mov na Slovensku<\/strong>. Bratislava : \u00dastav hudobnej vedy SAV : \u017dudro, 2014. ISBN 978-80-970748-2-1.<\/p>\n<p style=\"text-align: justify;\"><a href=\" https:\/\/uhv.sav.sk\/en\/thank-you-for-your-interest\/\">Buy<\/a><\/p>\n<p><br class=\"blank\"><br class=\"blank\"><\/p>\n<hr>\n<p style=\"text-align: justify;\"><strong><a href=\"http:\/\/uhv.sav.sk\/wp-content\/uploads\/2014\/09\/hudba_ako_kulturny_fenomen.jpg\" rel=\"lightbox[83]\"><img decoding=\"async\" loading=\"lazy\" class=\"alignleft wp-image-590\" src=\"http:\/\/uhv.sav.sk\/wp-content\/uploads\/2014\/09\/hudba_ako_kulturny_fenomen-211x300.jpg\" alt=\"hudba_ako_kulturny_fenomen\" width=\"80\" height=\"114\"><\/a>Janka PET\u0150CZOV\u00c1: Hudba ako kult\u00farny fenom\u00e9n v dejin\u00e1ch Spi\u0161a. Ran\u00fd novovek.<\/strong> Bratislava : \u00dastav hudobnej vedy SAV : Pre\u0161ovsk\u00fd hudobn\u00fd spolok S\u00fazvuk, 2014. 384 s. ISBN 978-80-89188-40-6.<\/p>\n<p style=\"text-align: justify;\"><a href=\" https:\/\/uhv.sav.sk\/en\/thank-you-for-your-interest\/\">Buy<\/a><\/p>\n<p><br class=\"blank\"><br class=\"blank\"><\/p>\n<hr>\n<p style=\"text-align: justify;\"><strong><a href=\"http:\/\/uhv.sav.sk\/wp-content\/uploads\/2014\/09\/jan_mory.jpg\" rel=\"lightbox[83]\"><img decoding=\"async\" loading=\"lazy\" class=\"alignleft wp-image-671\" src=\"http:\/\/uhv.sav.sk\/wp-content\/uploads\/2014\/09\/jan_mory-241x300.jpg\" alt=\"jan_mory\" width=\"80\" height=\"100\"><\/a>Marianna B\u00c1RDIOV\u00c1: J\u00e1n M\u00f3ry (1892-1978). Tatransk\u00fd skladate\u013e a hotelier<\/strong>. Bratislava : Slovensk\u00e1 muzikologick\u00e1 asoci\u00e1cia : \u00dastav hudobnej vedy SAV, 2013. 264 s. ISBN 978-80-971440-6-7.<\/p>\n<p style=\"text-align: justify;\"><a href=\" https:\/\/uhv.sav.sk\/en\/thank-you-for-your-interest\/\">Buy<\/a><\/p>\n<hr>\n<p style=\"text-align: justify;\"><strong><a href=\"http:\/\/uhv.sav.sk\/wp-content\/uploads\/2014\/09\/cantus_catholici.jpg\" rel=\"lightbox[83]\"><img decoding=\"async\" loading=\"lazy\" class=\"alignleft wp-image-614\" src=\"http:\/\/uhv.sav.sk\/wp-content\/uploads\/2014\/09\/cantus_catholici-213x300.jpg\" alt=\"cantus_catholici\" width=\"80\" height=\"113\"><\/a>Peter RU\u0160\u010cIN: Cantus Catholici a trad\u00edcia duchovn\u00e9ho spevu na Slovensku<\/strong>. Bratislava : \u00dastav hudobnej vedy SAV, 2012. 327s. ISBN 978-80-89135-29-5.<\/p>\n<p style=\"text-align: justify;\"><a href=\" https:\/\/uhv.sav.sk\/en\/thank-you-for-your-interest\/\">Buy<\/a><\/p>\n<p><br class=\"blank\"><br class=\"blank\"><\/p>\n<hr>\n<p style=\"text-align: justify;\"><strong><a href=\"http:\/\/uhv.sav.sk\/wp-content\/uploads\/2014\/09\/Basav_more_basav.jpg\" rel=\"lightbox[83]\"><img decoding=\"async\" loading=\"lazy\" class=\"alignleft wp-image-588\" src=\"http:\/\/uhv.sav.sk\/wp-content\/uploads\/2014\/09\/Basav_more_basav-218x300.jpg\" alt=\"Basav_more_basav\" width=\"80\" height=\"110\"><\/a>Jana BELI\u0160OV\u00c1: Ba\u0161av more ba\u0161av : o pies\u0148ach slovensk\u00fdch R\u00f3mov<\/strong>. Bratislava : \u017dudro : \u00dastav hudobnej vedy SAV, 2012. 230 s. ISBN 978-80-970748-1-4.<\/p>\n<p style=\"text-align: justify;\"><a href=\" https:\/\/uhv.sav.sk\/en\/thank-you-for-your-interest\/\">Buy<\/a><\/p>\n<hr>\n<p style=\"text-align: justify;\"><strong><a href=\"http:\/\/uhv.sav.sk\/wp-content\/uploads\/2014\/09\/Ad_honorem_Rybaric.jpg\" rel=\"lightbox[83]\"><img decoding=\"async\" loading=\"lazy\" class=\"alignleft wp-image-623\" src=\"http:\/\/uhv.sav.sk\/wp-content\/uploads\/2014\/09\/Ad_honorem_Rybaric-206x300.jpg\" alt=\"Ad_honorem_Rybaric\" width=\"80\" height=\"116\"><\/a>Janka PET\u0150CZOV\u00c1 (ed.): Ad honorem Richard Rybari\u010d: zborn\u00edk z muzikologickej konferencie Musicologica historica I. venovanej nedo\u017eit\u00fdm 80. narodenin\u00e1m Richarda Rybari\u010da (1930-1989)<\/strong>. Bratislava : \u00dastav hudobnej vedy SAV, 2011, 300 s. ISBN 978-80-89135-28-8.<\/p>\n<p style=\"text-align: justify;\"><a href=\" https:\/\/uhv.sav.sk\/en\/thank-you-for-your-interest\/\">Buy<\/a><\/p>\n<hr>\n<p style=\"text-align: justify;\"><strong><a href=\"http:\/\/uhv.sav.sk\/wp-content\/uploads\/2014\/09\/o_hudobnom_case.jpg\" rel=\"lightbox[83]\"><img decoding=\"async\" loading=\"lazy\" class=\"alignleft wp-image-722\" src=\"http:\/\/uhv.sav.sk\/wp-content\/uploads\/2014\/09\/o_hudobnom_case-209x300.jpg\" alt=\"o_hudobnom_case\" width=\"80\" height=\"115\"><\/a>Mark\u00e9ta \u0160TEFKOV\u00c1: O hudobnom \u010dase<\/strong>. Bratislava : Divis Slovakia : \u00dastav hudobnej vedy SAV, 2011. 158 s. ISBN 978-80-89454-06-8.<\/p>\n<p style=\"text-align: justify;\"><a href=\" https:\/\/uhv.sav.sk\/en\/thank-you-for-your-interest\/\">Buy<\/a><\/p>\n<p><br class=\"blank\"><br class=\"blank\"><\/p>\n<hr>\n<p style=\"text-align: justify;\"><strong><a href=\"http:\/\/uhv.sav.sk\/wp-content\/uploads\/2014\/09\/ETAHoffmann.jpg\" rel=\"lightbox[83]\"><img decoding=\"async\" loading=\"lazy\" class=\"alignleft wp-image-697\" src=\"http:\/\/uhv.sav.sk\/wp-content\/uploads\/2014\/09\/ETAHoffmann-209x300.jpg\" alt=\"ETAHoffmann\" width=\"80\" height=\"115\"><\/a>Vladim\u00edr FULKA: Ernst Theodor Amadeus Hoffmann: a jeho liter\u00e1rno-hudobn\u00e1 poetika<\/strong>. Bratislava : IRIS, 2011. 119 s. ISBN 978-80-89256-70-9.<\/p>\n<p style=\"text-align: justify;\"><a href=\" https:\/\/uhv.sav.sk\/en\/thank-you-for-your-interest\/\">Buy<\/a><\/p>\n<p><br class=\"blank\"><br class=\"blank\"><\/p>\n<hr>\n<p style=\"text-align: justify;\"><strong><img decoding=\"async\" loading=\"lazy\" class=\"alignleft wp-image-595\" src=\"http:\/\/uhv.sav.sk\/wp-content\/uploads\/2014\/09\/vybrane_studie_k_hudobnym.jpg\" alt=\"vybrane_studie_k_hudobnym\" width=\"80\" height=\"112\">Jana LENGOV\u00c1 (ed.): Vybran\u00e9 \u0161t\u00fadie k hudobn\u00fdm dejin\u00e1m Bratislavy<\/strong>. Musicologica Slovaca et Europaea XXIII. Bratislava : Veda, Vydavate\u013estvo SAV a \u00daHV SAV, 2006,&nbsp; 244 s. ISBN 978-80-224-0938-4, ISBN 80-224-0938-3.<\/p>\n<p style=\"text-align: justify;\"><a href=\" https:\/\/uhv.sav.sk\/en\/thank-you-for-your-interest\/\">Buy<\/a><\/p>\n","protected":false},"excerpt":{"rendered":"<p>STUDENI\u010cOV\u00c1, Hana: Kanto\u0159i, varhan\u00edci, truba\u010di: Hudebn\u00ed kultura moravsk\u00fdch kr\u00e1lovsk\u00fdch m\u011bst v letech 1500\u20131620. Brno: Statut\u00e1rn\u00ed m\u011bsto Brno, Archiv m\u011bsta Brna, 2023. 402 s. ISBN 978-80-86736-73-0. Buy ADAMKO, Rastislav &#8211; BEDN\u00c1RIKOV\u00c1, Janka &#8211; LUZ, Rastislav &#8211; S\u00ddKORA, Adam &#8211; VESELOVSK\u00c1, Eva &hellip; <a href=\"https:\/\/uhv.sav.sk\/en\/scientific-research-activity\/publications\/monografie-zborniky-katalogy\/\">Continue reading <span class=\"meta-nav\">&rarr;<\/span><\/a><\/p>\n","protected":false},"author":1,"featured_media":0,"parent":81,"menu_order":0,"comment_status":"closed","ping_status":"closed","template":"","meta":{"_links_to":"","_links_to_target":""},"_links":{"self":[{"href":"https:\/\/uhv.sav.sk\/en\/wp-json\/wp\/v2\/pages\/83"}],"collection":[{"href":"https:\/\/uhv.sav.sk\/en\/wp-json\/wp\/v2\/pages"}],"about":[{"href":"https:\/\/uhv.sav.sk\/en\/wp-json\/wp\/v2\/types\/page"}],"author":[{"embeddable":true,"href":"https:\/\/uhv.sav.sk\/en\/wp-json\/wp\/v2\/users\/1"}],"replies":[{"embeddable":true,"href":"https:\/\/uhv.sav.sk\/en\/wp-json\/wp\/v2\/comments?post=83"}],"version-history":[{"count":47,"href":"https:\/\/uhv.sav.sk\/en\/wp-json\/wp\/v2\/pages\/83\/revisions"}],"predecessor-version":[{"id":477,"href":"https:\/\/uhv.sav.sk\/en\/wp-json\/wp\/v2\/pages\/83\/revisions\/477"}],"up":[{"embeddable":true,"href":"https:\/\/uhv.sav.sk\/en\/wp-json\/wp\/v2\/pages\/81"}],"wp:attachment":[{"href":"https:\/\/uhv.sav.sk\/en\/wp-json\/wp\/v2\/media?parent=83"}],"curies":[{"name":"wp","href":"https:\/\/api.w.org\/{rel}","templated":true}]}}