{"id":85,"date":"2014-10-13T09:01:57","date_gmt":"2014-10-13T07:01:57","guid":{"rendered":"http:\/\/uhv.sav.sk\/new2\/en\/?page_id=85"},"modified":"2020-06-16T11:34:17","modified_gmt":"2020-06-16T09:34:17","slug":"musica-scepusii-veteris","status":"publish","type":"page","link":"https:\/\/uhv.sav.sk\/en\/scientific-research-activity\/publications\/musica-scepusii-veteris\/","title":{"rendered":"Musica Scepusii Veteris"},"content":{"rendered":"<p style=\"text-align: justify;\"><em>Musica Scepusii Veteris<\/em> \/ <em>Star\u00e1 hudba na Spi\u0161i<\/em> je projekt pramenno-kritickej ed\u00edcie historickej hudby s\u00a0v\u00e4zbou na\u00a0\u00fazemie Spi\u0161a od obdobia ran\u00e9ho novoveku do 19. storo\u010dia. Projekt je koncipovan\u00fd ako otvoren\u00fd s\u00fabor samostatn\u00fdch s\u00e9ri\u00ed, predkladaj\u00facich vedeck\u00e9 ed\u00edcie p\u00f4vodn\u00fdch, unik\u00e1tnych hudobn\u00fdch diel a arch\u00edvnych textov\u00fdch dokumentov z dej\u00edn\u00a0hudobnej kult\u00fary Spi\u0161a. Ed\u00edcia vznikla roku 2003 v\u00a0spolupr\u00e1ci \u00dastavu hudobnej vedy SAV v Bratislave s Pre\u0161ovsk\u00fdm hudobn\u00fdm spolkom <em>S\u00fazvuk<\/em> v Pre\u0161ove. V\u00a0s\u00fa\u010dasnosti vyd\u00e1van\u00e9 s\u00e9rie s\u00fa venovan\u00e9 doteraz nepublikovanej hudobnej tvorbe jednotliv\u00fdch skladate\u013eov: Thomas Gosler (I. s\u00e9ria), Johann Schimrack (II. s\u00e9ria), Johann Lininger (III. s\u00e9ria), P. Petrus Pe\u0165ko a Sancto Martino SP (IV. s\u00e9ria), Paul Neum\u00fcller (V. s\u00e9ria), P. Ferdinandus Pankiewicz a S. Caecilia SchP (VI. s\u00e9ria).<\/p>\n<p style=\"text-align: justify;\">Cie\u013eom ed\u00edcie je spr\u00edstupnenie pramenn\u00e9ho hudobn\u00e9ho materi\u00e1lu a\u00a0sekund\u00e1rnych arch\u00edvnych prame\u0148ov k dejin\u00e1m hudobn\u00e9ho \u017eivota na Spi\u0161i. Vyd\u00e1van\u00e9 s\u00fa nielen samotn\u00e9 hudobn\u00e9 diela v\u00a0zmysle <em>opus perfectum<\/em>, ale aj textov\u00e9 pramene, obsahuj\u00face poznatky z\u00a0oblasti hudobnoteoretick\u00e9ho vzdel\u00e1vania, hudobnoestetick\u00fdch a\u00a0filozofick\u00fdch reflexi\u00ed, dej\u00edn hudobn\u00fdch in\u0161tit\u00faci\u00ed a genealogick\u00e9ho v\u00fdskumu hudobn\u00edkov a\u00a0skladate\u013eov \u017eij\u00facich a\u00a0p\u00f4sobiacich na Spi\u0161i. V\u0161etky publikovan\u00e9 zv\u00e4zky ed\u00edcie obsahuj\u00fa \u00favodn\u00fa \u0161t\u00fadiu s anal\u00fdzou problematiky a popis prame\u0148a, faksimile prame\u0148a, kritick\u00fa ed\u00edciu hudobn\u00e9ho textu a\u00a0rev\u00edznu spr\u00e1vu. Za \u00dastav hudobnej vedy SAV participuje autorsky a\u00a0editorsky na vyd\u00e1van\u00ed prvej a\u00a0druhej s\u00e9rie ed\u00edcie PhDr. Janka Pet\u0151czov\u00e1, CSc.<\/p>\n<p style=\"text-align: justify;\">Koncepcia ed\u00edcie re\u0161pektuje multikonfesion\u00e1lnos\u0165 a\u00a0plurietnickos\u0165 hudobnokult\u00farneho priestoru v\u00a0dejin\u00e1ch spi\u0161sk\u00e9ho regi\u00f3nu. V\u00a0jednotliv\u00fdch s\u00e9ri\u00e1ch je prezentovan\u00e1 rovnako hudba, ktor\u00e1 vznikla v evanjelickom a. v. (luter\u00e1nskom) hudobnokult\u00farnom prostred\u00ed Spi\u0161a s vrcholom rozkvetu v\u00a016. a\u00a017. storo\u010d\u00ed ako aj hudba pestovan\u00e1 katol\u00edckymi r\u00e1dmi, predov\u0161etk\u00fdm od druhej polovice\u00a017. storo\u010dia a\u00a0v 18. storo\u010d\u00ed. Vyd\u00e1van\u00e9 s\u00fa rovnako diela hudobnej kult\u00fary <em>nemeckej<\/em>, ktor\u00e1 bola v\u00a0spi\u0161sk\u00fdch dejin\u00e1ch dlho dominantn\u00e1, i hudobnej kult\u00fary<em> slovenskej<\/em>, ktor\u00e1 sa rozv\u00edjala paralelne. Obidve tieto kult\u00fary sa v\u00a0multietnickom priestore Spi\u0161a v\u017edy komplement\u00e1rne dop\u013a\u0148ali. Proces v\u00fdvinu hudobnej kult\u00fary na Spi\u0161i nikdy nebol etnicky a\u00a0konfesion\u00e1lne priamo\u010diary a\u00a0umeleck\u00e9 dejiny Spi\u0161a v\u017edy tvorili okrem Nemcov a Slov\u00e1kov i men\u0161ie spolo\u010denstv\u00e1 Rus\u00ednov, Poliakov, Ma\u010farov, \u017didov a\u00a0R\u00f3mov. Ed\u00edcia <em>Musica Scepusii Veteris <\/em>je otvoren\u00e1 v\u0161etk\u00fdm umeleck\u00fdm hudobn\u00fdm hodnot\u00e1m, bez oh\u013eadu na ich etnick\u00e9, konfesion\u00e1lne a\u00a0soci\u00e1lne z\u00e1zemie vzniku.<\/p>\n<p style=\"text-align: justify;\">\u00a0Preh\u013ead doteraz vydan\u00fdch zv\u00e4zkov<\/p>\n<p style=\"text-align: justify;\"><strong>I. s\u00e9ria<\/strong><br \/>\n<em>Musica Scepusii Veteris<\/em> I\/1<br \/>\nPet\u0151czov\u00e1 \u2013 Mat\u00fa\u0161ov\u00e1, Janka (ed.): <em>Thomas Gosler: Ist Gott f\u00fcr uns, wer mag wider uns sein? \/ Ke\u010f Boh za n\u00e1s, kto proti n\u00e1m? [1642]<\/em> (=Musica Scepusii Veteris, I\/1). Bratislava \u2013 Pre\u0161ov : \u00dastav hudobnej vedy SAV; Pre\u0161ovsk\u00fd hudobn\u00fd spolok <em>S\u00fazvuk<\/em>, 2003, 76 s., ISBN 80-968949-6-X.<\/p>\n<p style=\"text-align: justify;\"><em>Musica Scepusii Veteris<\/em> I\/2<br \/>\nPet\u0151czov\u00e1 \u2013 Mat\u00fa\u0161ov\u00e1, Janka (ed.): <em>Thomas Gosler: Du hast mir das Herz genommen \/ Uchv\u00e1tila si mi srdce [1642]<\/em>. (=Musica Scepusii Veteris, I\/2). Bratislava \u2013 Pre\u0161ov : \u00dastav hudobnej vedy SAV; Pre\u0161ovsk\u00fd hudobn\u00fd spolok <em>S\u00fazvuk<\/em>, 2003, 58 s., ISBN 80-968949-5-1.<\/p>\n<p style=\"text-align: justify;\"><strong>II. s\u00e9ria<br \/>\n<\/strong><em>Musica Scepusii Veteris<\/em> II\/1<br \/>\nPet\u0151czov\u00e1 \u2013 Mat\u00fa\u0161ov\u00e1, Janka (ed.): <em>Johann Schimrack \/ J\u00e1n \u0160imr\u00e1k: Lobe den Herren, meine Seele! \/ Chv\u00e1\u013e, du\u0161a moja, Hospodina! [1642].<\/em> (=Musica Scepusii Veteris, II\/1). Bratislava \u2013 Pre\u0161ov : \u00dastav hudobnej vedy SAV; Pre\u0161ovsk\u00fd hudobn\u00fd spolok <em>S\u00fazvuk<\/em>, 2004, 68 s., ISBN 80-89188-10-9.<\/p>\n<p style=\"text-align: justify;\"><em>Musica Scepusii Veteris<\/em> II\/2<br \/>\nPet\u0151czov\u00e1 \u2013 Mat\u00fa\u0161ov\u00e1, Janka (ed.): <em>Johann Schimrack \/ J\u00e1n \u0160imr\u00e1k: Richte mich Gott \/ Pris\u00fa\u010f mi pr\u00e1vo, Bo\u017ee [1642]. <\/em>(=Musica Scepusii Veteris, II\/2). Bratislava \u2013 Pre\u0161ov : \u00dastav hudobnej vedy SAV; Pre\u0161ovsk\u00fd hudobn\u00fd spolok <em>S\u00fazvuk<\/em>, 2005, 64 s. ISBN 80-89188-11-7.<\/p>\n<p style=\"text-align: justify;\"><em>Musica Scepusii Veteris<\/em> II\/3<br \/>\nPet\u0151czov\u00e1 \u2013 Mat\u00fa\u0161ov\u00e1, Janka (ed.): <em>Johann Schimrack \/ J\u00e1n \u0160imr\u00e1k: Singet dem Herren ein neues Lied \/ Spievajte Hospodinu nov\u00fa piese\u0148 [1642].<\/em> (=Musica Scepusii Veteris, II\/3). Bratislava \u2013 Pre\u0161ov : \u00dastav hudobnej vedy SAV; Pre\u0161ovsk\u00fd hudobn\u00fd spolok <em>S\u00fazvuk<\/em>, 2006, 72 s., ISBN 80-89188-12-5.<\/p>\n<p style=\"text-align: justify;\"><em>Musica Scepusii Veteris<\/em> II\/4<br \/>\nPet\u0151czov\u00e1 \u2013 Mat\u00fa\u0161ov\u00e1, Janka (ed.): <em>Johann Schimrack \/ J\u00e1n \u0160imr\u00e1k: Siehe, wie fein und lieblich ist\u00b4s \/ H\u013ea, ak\u00e9 dobr\u00e9, ak\u00e9 mil\u00e9 je to [1642]. <\/em>(=Musica Scepusii Veteris, II\/4). Bratislava \u2013 Pre\u0161ov : \u00dastav hudobnej vedy SAV; Pre\u0161ovsk\u00fd hudobn\u00fd spolok <em>S\u00fazvuk<\/em>, 2007, 76 s. ISBN 978-80-89188-20-8.<\/p>\n<p style=\"text-align: justify;\"><em>Musica Scepusii Veteris<\/em> II\/5<br \/>\nPet\u0151czov\u00e1 \u2013 Mat\u00fa\u0161ov\u00e1, Janka (ed.): <em>Johann Schimrack \/ J\u00e1n \u0160imr\u00e1k: Ach Herr, wie sind meiner Feinde so viel \/ Hospodine, ako mnoho je mojich nepriate\u013eov [1642].<\/em> (=Musica Scepusii Veteris, II\/5). Bratislava \u2013 Pre\u0161ov : \u00dastav hudobnej vedy SAV; Pre\u0161ovsk\u00fd hudobn\u00fd spolok <em>S\u00fazvuk<\/em>, 2009, 82 s. ISBN 978-80-89188-25-3.<\/p>\n<p style=\"text-align: justify;\"><em>Musica Scepusii Veteris<\/em> II\/6<br \/>\nPet\u0151czov\u00e1 \u2013 Mat\u00fa\u0161ov\u00e1, Janka (ed.): <em>Johann Schimrack \/ J\u00e1n \u0160imr\u00e1k<\/em><em>: Nach dir, Herr, verlanget mich \/ Ku Tebe, Hospodine, pozdvihujem svoju du\u0161u. 1<sup>ma<\/sup> pars. Nach dir, Herr, verlanget mich \/ Ku Tebe, Hospodine, pozdvihujem svoju du\u0161u. 2<sup>da<\/sup> pars. Herr, zeige mir deine Wege \/ \u00d3, Hospodine, daj mi pozna\u0165 svoje cesty [1641].<\/em> (=Musica Scepusii Veteris, II\/6). Bratislava \u2013 Pre\u0161ov : \u00dastav hudobnej vedy SAV; Pre\u0161ovsk\u00fd hudobn\u00fd spolok <em>S\u00fazvuk<\/em>, 2011, 72 s., ISBN 978-80-89188-31-4.<\/p>\n<p style=\"text-align: justify;\"><em>Musica Scepusii Veteris<\/em> II\/7<br \/>\nPet\u0151czov\u00e1 \u2013 Mat\u00fa\u0161ov\u00e1, Janka (ed.): <em>Johann Schimrack \/ J\u00e1n \u0160imr\u00e1k<\/em><em>: Jauchzet dem Herren, alle Welt! \u00a0\/ Zvu\u010dne plesaj Hospodinu, cel\u00e1 zem! [1642].<\/em> (=Musica Scepusii Veteris, II\/7). Bratislava \u2013 Pre\u0161ov : \u00dastav hudobnej vedy SAV; Pre\u0161ovsk\u00fd hudobn\u00fd spolok <em>S\u00fazvuk<\/em>, 2012, 112 s., ISBN 978-80-89188-34-5.<\/p>\n<p style=\"text-align: justify;\"><em>Musica Scepusii Veteris<\/em> II\/8<br \/>\nPet\u0151czov\u00e1 \u2013 Mat\u00fa\u0161ov\u00e1, Janka (ed.): <em>Johann Schimrack \/ J\u00e1n \u0160imr\u00e1k<\/em><em>: Gott stehet in der Gemeine Gottes \u00a0\/ Boh stoj\u00ed v zhroma\u017eden\u00ed Bo\u017eom [1641].<\/em> (=Musica Scepusii Veteris, II\/8). Bratislava \u2013 Pre\u0161ov : \u00dastav hudobnej vedy SAV; Pre\u0161ovsk\u00fd hudobn\u00fd spolok <em>S\u00fazvuk<\/em>, 2018, 114 s., ISBN 978-80-89188-44-4.<\/p>\n<p style=\"text-align: justify;\"><strong>III. s\u00e9ria<br \/>\n<\/strong><em>Musica Scepusii Veteris<\/em> III\/1<br \/>\nBurgrov\u00e1, Katar\u00edna (ed.): <em>Johann Lininger: Ubi Jesu quiescis spes. Nullum donum, nulla merces..<\/em> (=Musica Scepusii Veteris, III\/1). Pre\u0161ov : Pre\u0161ovsk\u00fd hudobn\u00fd spolok <em>S\u00fazvuk<\/em>, 2003, 49 s., ISBN 80-968949-7-8.<\/p>\n<p style=\"text-align: justify;\"><strong>IV. s\u00e9ria<br \/>\n<\/strong><em>Musica Scepusii Veteris<\/em> IV\/1<br \/>\nKa\u010dic, Ladislav (ed.): <em>P. Petrus Pe\u0165ko a Sancto Martino SP. Missa ex G Jesuli Nati 1759. (Viano\u010dn\u00e1 om\u0161a G dur).<\/em> (= Musica Scepusii Veteris, IV\/1) Bratislava \u2013 Pre\u0161ov : Slavistick\u00fd \u00fastav J\u00e1na Stanislava SAV, \u00dastav hudobnej vedy SAV, Pre\u0161ovsk\u00fd hudobn\u00fd spolok <em>S\u00fazvuk <\/em>2009, 108 s., ISBN 978-8-89188-24-6.<\/p>\n<p style=\"text-align: justify;\"><strong>V. s\u00e9ria<br \/>\n<\/strong><em>Musica Scepusii Veteris<\/em> V\/1<br \/>\nBurgrov\u00e1, Katar\u00edna (ed.): <em>Pavol Neum\u00fcller: Graduale de SS. Angelis et Aria Due pro Corporis Xriti Festo [cci 1810].<\/em> (=Musica Scepusii Veteris, V\/1). Pre\u0161ov : Pedagogick\u00e1 fakulta Pre\u0161ovskej univerzity v\u00a0Pre\u0161ove, Pre\u0161ovsk\u00fd hudobn\u00fd spolok <em>S\u00fazvuk<\/em> 2009, 64 s., ISBN 978-80-89188-26-0.<\/p>\n<p style=\"text-align: justify;\"><strong>VI. s\u00e9ria<br \/>\n<\/strong><em>Musica Scepusii Veteris<\/em> VI\/1<br \/>\nKa\u010dic, Ladislav (ed.): <em>P. Ferdinandus Pankiewicz a S. Caecilia SchP: Concerto a 4 <\/em>(= Musica Scepusii Veteris, VI\/1). Bratislava \u2013 Pre\u0161ov: Slavistick\u00fd \u00fastav J\u00e1na Stanislava SAV, \u00dastav hudobnej vedy SAV, Pre\u0161ovsk\u00fd hudobn\u00fd spolok <em>S\u00fazvuk<\/em> 2012, 44 s., ISBN 978-80-89188-35-2.<\/p>\n","protected":false},"excerpt":{"rendered":"<p>Musica Scepusii Veteris \/ Star\u00e1 hudba na Spi\u0161i je projekt pramenno-kritickej ed\u00edcie historickej hudby s\u00a0v\u00e4zbou na\u00a0\u00fazemie Spi\u0161a od obdobia ran\u00e9ho novoveku do 19. storo\u010dia. Projekt je koncipovan\u00fd ako otvoren\u00fd s\u00fabor samostatn\u00fdch s\u00e9ri\u00ed, predkladaj\u00facich vedeck\u00e9 ed\u00edcie p\u00f4vodn\u00fdch, unik\u00e1tnych hudobn\u00fdch diel a &hellip; <a href=\"https:\/\/uhv.sav.sk\/en\/scientific-research-activity\/publications\/musica-scepusii-veteris\/\">Continue reading <span class=\"meta-nav\">&rarr;<\/span><\/a><\/p>\n","protected":false},"author":1,"featured_media":0,"parent":81,"menu_order":0,"comment_status":"closed","ping_status":"closed","template":"","meta":{"_links_to":"","_links_to_target":""},"_links":{"self":[{"href":"https:\/\/uhv.sav.sk\/en\/wp-json\/wp\/v2\/pages\/85"}],"collection":[{"href":"https:\/\/uhv.sav.sk\/en\/wp-json\/wp\/v2\/pages"}],"about":[{"href":"https:\/\/uhv.sav.sk\/en\/wp-json\/wp\/v2\/types\/page"}],"author":[{"embeddable":true,"href":"https:\/\/uhv.sav.sk\/en\/wp-json\/wp\/v2\/users\/1"}],"replies":[{"embeddable":true,"href":"https:\/\/uhv.sav.sk\/en\/wp-json\/wp\/v2\/comments?post=85"}],"version-history":[{"count":3,"href":"https:\/\/uhv.sav.sk\/en\/wp-json\/wp\/v2\/pages\/85\/revisions"}],"predecessor-version":[{"id":401,"href":"https:\/\/uhv.sav.sk\/en\/wp-json\/wp\/v2\/pages\/85\/revisions\/401"}],"up":[{"embeddable":true,"href":"https:\/\/uhv.sav.sk\/en\/wp-json\/wp\/v2\/pages\/81"}],"wp:attachment":[{"href":"https:\/\/uhv.sav.sk\/en\/wp-json\/wp\/v2\/media?parent=85"}],"curies":[{"name":"wp","href":"https:\/\/api.w.org\/{rel}","templated":true}]}}