{"id":89,"date":"2014-10-13T09:02:55","date_gmt":"2014-10-13T07:02:55","guid":{"rendered":"http:\/\/uhv.sav.sk\/new2\/en\/?page_id=89"},"modified":"2014-10-13T09:02:55","modified_gmt":"2014-10-13T07:02:55","slug":"studia-ethnomusicologica","status":"publish","type":"page","link":"https:\/\/uhv.sav.sk\/en\/scientific-research-activity\/publications\/studia-ethnomusicologica\/","title":{"rendered":"Studia Ethnomusicologica"},"content":{"rendered":"<p style=\"text-align: justify;\"><span style=\"text-decoration: underline;\">LENGOV\u00c1, Jana<\/span> \u2013 SPUSTA, Marek \u2013 ZAGAR, Peter (eds<em>.): J\u00e1n Levoslav Bella: S\u00faborn\u00e9 dielo. A:II Organov\u00e1 tvorba. <\/em>Koment\u00e1r k organov\u00e9mu dielu nap\u00edsala Jana Lengov\u00e1. Rev\u00edznu spr\u00e1vu vypracovali Jana Lengov\u00e1 a Marek Spusta. Bratislava : Hudobn\u00e9 centrum, 2006, 113 s. ISBN 80-88884-81-0.<br \/>\nV roku 1997 sa za\u010dalo s vyd\u00e1van\u00edm historicko-kritickej pramennej ed\u00edcie s\u00faborn\u00e9ho diela\u00a0 v\u00fdznamnej osobnosti slovensk\u00e9ho hudobn\u00e9ho romantizmu J\u00e1na Levoslava Bellu (1843\u2013 1936). Zv\u00e4zok A:II prin\u00e1\u0161a kompletn\u00fa tvorbu skladate\u013ea pre organ, zahrnuj\u00facu sedem diel, z toho tri koncertn\u00e9 kompoz\u00edcie. Korektn\u00fd v\u00fdskum hudobn\u00fdch prame\u0148ov a ich rekon\u0161trukcia sa riadi z\u00e1sadami modernej hudobnotextovej kritiky. Notov\u00e1 publik\u00e1cia je z\u00e1rove\u0148 pr\u00edspevkom k poznaniu\u00a0 n\u00e1rodn\u00e9ho kult\u00farneho dedi\u010dstva.<\/p>\n<p style=\"text-align: justify;\"><span style=\"text-decoration: underline;\">LENGOV\u00c1, Jana<\/span> \u2013 SPUSTA, Marek \u2013 ZAGAR, Peter (eds.): <em>J\u00e1n Levoslav Bella:\u00a0 S\u00faborn\u00e9 dielo. C:I Piesne pre spev a klav\u00edr.<\/em> Koment\u00e1r k vzniku piesn\u00ed\u00a0 nap\u00edsala Jana Lengov\u00e1. Popis prame\u0148ov a rev\u00edznu spr\u00e1vu vypracovali Jana Lengov\u00e1 a Marek Spusta. Bratislava : Hudobn\u00e9 centrum, 2007, 242 s.\u00a0 ISMN 979-0-68503-002-7.<br \/>\nV zv\u00e4zku sa\u00a0 prezentuje v\u00f4bec po prv\u00fdkr\u00e1t\u00a0 kompletn\u00e1\u00a0 pies\u0148ov\u00e1 tvorba J\u00e1na Levoslava Bellu pre spev a klav\u00edr, ktor\u00fa tvor\u00ed 37 zachovan\u00fdch umel\u00fdch piesn\u00ed na nemeck\u00fa (23), \u010desk\u00fa (2), ma\u010farsk\u00fa (2) a slovensk\u00fa (10) po\u00e9ziu. Vydanie obsahuje aj \u010fal\u0161ie verzie piesn\u00ed a skicu, a tak\u00a0 celkovo obsahuje 41 piesn\u00ed. V\u00fdznam notovej publik\u00e1cie zv\u00fdraz\u0148uje navy\u0161e skuto\u010dnos\u0165, \u017ee a\u017e 17 piesn\u00ed dosia\u013e nebolo publikovan\u00fdch v novodob\u00fdch tla\u010diach. D\u00f4kladn\u00fd pramenn\u00fd v\u00fdskum prispel k podstatn\u00e9mu roz\u0161\u00edreniu poznatkov o Bellov\u00fdch pies\u0148ach, k spresneniu tradovan\u00fdch skuto\u010dnost\u00ed a chronol\u00f3gie piesn\u00ed, de\u0161ifrovaniu anonymn\u00fdch a chybne uv\u00e1dzan\u00fdch autorov po\u00e9zie a prehodnoteniu star\u0161\u00edch n\u00e1zorov.<\/p>\n<p style=\"text-align: justify;\"><span style=\"text-decoration: underline;\">LENGOV\u00c1, Jana<\/span> \u2013 SPUSTA, Marek \u2013 ZAGAR, Peter (eds.): <em>J\u00e1n Levoslav Bella: Piesne pre ni\u017e\u0161\u00ed hlas a klav\u00edr<\/em>. Bratislava : Hudobn\u00e9 centrum\u00a0 2008, 142 s. ISMN 979-0-68503-003-4.<br \/>\nV\u00e4\u010d\u0161ina piesn\u00ed pre spev a klav\u00edr J\u00e1na Levoslava Bellu je ur\u010den\u00e1 pre vy\u0161\u0161\u00ed a stredn\u00fd hlas. Cie\u013eom notov\u00e9ho vydania piesn\u00ed pre ni\u017e\u0161\u00ed hlas bolo spr\u00edstupni\u0165 Bellove piesne \u0161ir\u0161iemu okruhu vok\u00e1lnych interpretov. Z\u00e1kladom vydania je zv\u00e4zok C:I zo s\u00faborn\u00e9ho diela skladate\u013ea s jeho pies\u0148ovou tvorbou (2007), pri\u010dom piesne s\u00fa transponovan\u00e9 do ni\u017e\u0161ej hlasovej polohy. Publik\u00e1cia obsahuje 39 piesn\u00ed, z toho dve v dvoch verzi\u00e1ch.<\/p>\n","protected":false},"excerpt":{"rendered":"<p>LENGOV\u00c1, Jana \u2013 SPUSTA, Marek \u2013 ZAGAR, Peter (eds.): J\u00e1n Levoslav Bella: S\u00faborn\u00e9 dielo. A:II Organov\u00e1 tvorba. Koment\u00e1r k organov\u00e9mu dielu nap\u00edsala Jana Lengov\u00e1. Rev\u00edznu spr\u00e1vu vypracovali Jana Lengov\u00e1 a Marek Spusta. Bratislava : Hudobn\u00e9 centrum, 2006, 113 s. ISBN &hellip; <a href=\"https:\/\/uhv.sav.sk\/en\/scientific-research-activity\/publications\/studia-ethnomusicologica\/\">Continue reading <span class=\"meta-nav\">&rarr;<\/span><\/a><\/p>\n","protected":false},"author":1,"featured_media":0,"parent":81,"menu_order":0,"comment_status":"closed","ping_status":"closed","template":"","meta":{"_links_to":"","_links_to_target":""},"_links":{"self":[{"href":"https:\/\/uhv.sav.sk\/en\/wp-json\/wp\/v2\/pages\/89"}],"collection":[{"href":"https:\/\/uhv.sav.sk\/en\/wp-json\/wp\/v2\/pages"}],"about":[{"href":"https:\/\/uhv.sav.sk\/en\/wp-json\/wp\/v2\/types\/page"}],"author":[{"embeddable":true,"href":"https:\/\/uhv.sav.sk\/en\/wp-json\/wp\/v2\/users\/1"}],"replies":[{"embeddable":true,"href":"https:\/\/uhv.sav.sk\/en\/wp-json\/wp\/v2\/comments?post=89"}],"version-history":[{"count":1,"href":"https:\/\/uhv.sav.sk\/en\/wp-json\/wp\/v2\/pages\/89\/revisions"}],"predecessor-version":[{"id":90,"href":"https:\/\/uhv.sav.sk\/en\/wp-json\/wp\/v2\/pages\/89\/revisions\/90"}],"up":[{"embeddable":true,"href":"https:\/\/uhv.sav.sk\/en\/wp-json\/wp\/v2\/pages\/81"}],"wp:attachment":[{"href":"https:\/\/uhv.sav.sk\/en\/wp-json\/wp\/v2\/media?parent=89"}],"curies":[{"name":"wp","href":"https:\/\/api.w.org\/{rel}","templated":true}]}}