{"id":93,"date":"2014-10-13T09:04:12","date_gmt":"2014-10-13T07:04:12","guid":{"rendered":"http:\/\/uhv.sav.sk\/new2\/en\/?page_id=93"},"modified":"2017-03-22T16:02:25","modified_gmt":"2017-03-22T14:02:25","slug":"contacts","status":"publish","type":"page","link":"https:\/\/uhv.sav.sk\/en\/contacts\/","title":{"rendered":"Contacts"},"content":{"rendered":"<p><strong>Address<\/strong><\/p>\n<p>\u00dastav hudobnej vedy SAV<br \/>\nD\u00fabravsk\u00e1 cesta 9<br \/>\n841 04 Bratislava 4<br \/>\nSlovensk\u00e1 republika<\/p>\n<p><strong>Director<\/strong><br \/>\nPhDr. Hana Urbancov\u00e1, DrSc.<br \/>\ntel.: 02\/ 5477 3262, 5477 3589<br \/>\ne-mail: <a href=\"mailto:musicology.director@savba.sk\">musicology.director@savba.sk <\/a>, <a href=\"mailto:hana.urbancova@savba.sk\">hana.urbancova@savba.sk<\/a><\/p>\n<p><strong>Deputy Director<\/strong><br \/>\nPhDr. Eva Veselovsk\u00e1, PhD.<br \/>\ne-mail:\u00a0<a href=\"mailto:eva.veselovska@savba.sk\">eva.veselovska@savba.sk<\/a><\/p>\n<p><strong>Academic Commitee Chair:<\/strong><br \/>\nPhDr. Janka Pet\u0151czov\u00e1, CSc.<br \/>\ne-mail: <a href=\"mailto:jana.petoczova@savba.sk\">jana.petoczova@savba.sk<\/a><\/p>\n<p><strong>Secretary<\/strong><br \/>\nMarcela Kr\u00fa\u017eekov\u00e1<br \/>\ntel.\/fax: 02\/ 5477 3589<br \/>\ne-mail: <a href=\"mailto:musicology@savba.sk\">musicology@savba.sk <\/a>, <a href=\"mailto:sekretariat.uhv@savba.sk\">sekretariat.uhv@savba.sk<\/a><\/p>\n<p><strong>Library<\/strong><br \/>\nIng. Magdal\u00e9na Kapala<br \/>\ne-mail: <a href=\"mailto:kniznica.uhv@savba.sk\">kniznica.uhv@savba.sk<\/a><\/p>\n<p><strong>Technical Laboratory<\/strong><br \/>\nIng. \u0160tefan Nagy, Art.D.<br \/>\ne-mail: <a href=\"mailto:stefan.nagy@savba.sk\">stefan.nagy@savba.sk<\/a><\/p>\n","protected":false},"excerpt":{"rendered":"<p>Address \u00dastav hudobnej vedy SAV D\u00fabravsk\u00e1 cesta 9 841 04 Bratislava 4 Slovensk\u00e1 republika Director PhDr. Hana Urbancov\u00e1, DrSc. tel.: 02\/ 5477 3262, 5477 3589 e-mail: musicology.director@savba.sk , hana.urbancova@savba.sk Deputy Director PhDr. Eva Veselovsk\u00e1, PhD. e-mail:\u00a0eva.veselovska@savba.sk Academic Commitee Chair: PhDr. &hellip; <a href=\"https:\/\/uhv.sav.sk\/en\/contacts\/\">Continue reading <span class=\"meta-nav\">&rarr;<\/span><\/a><\/p>\n","protected":false},"author":1,"featured_media":0,"parent":0,"menu_order":0,"comment_status":"closed","ping_status":"closed","template":"","meta":{"_links_to":"","_links_to_target":""},"_links":{"self":[{"href":"https:\/\/uhv.sav.sk\/en\/wp-json\/wp\/v2\/pages\/93"}],"collection":[{"href":"https:\/\/uhv.sav.sk\/en\/wp-json\/wp\/v2\/pages"}],"about":[{"href":"https:\/\/uhv.sav.sk\/en\/wp-json\/wp\/v2\/types\/page"}],"author":[{"embeddable":true,"href":"https:\/\/uhv.sav.sk\/en\/wp-json\/wp\/v2\/users\/1"}],"replies":[{"embeddable":true,"href":"https:\/\/uhv.sav.sk\/en\/wp-json\/wp\/v2\/comments?post=93"}],"version-history":[{"count":5,"href":"https:\/\/uhv.sav.sk\/en\/wp-json\/wp\/v2\/pages\/93\/revisions"}],"predecessor-version":[{"id":341,"href":"https:\/\/uhv.sav.sk\/en\/wp-json\/wp\/v2\/pages\/93\/revisions\/341"}],"wp:attachment":[{"href":"https:\/\/uhv.sav.sk\/en\/wp-json\/wp\/v2\/media?parent=93"}],"curies":[{"name":"wp","href":"https:\/\/api.w.org\/{rel}","templated":true}]}}