{"id":95,"date":"2014-10-13T09:04:33","date_gmt":"2014-10-13T07:04:33","guid":{"rendered":"http:\/\/uhv.sav.sk\/new2\/en\/?page_id=95"},"modified":"2014-10-13T09:04:33","modified_gmt":"2014-10-13T07:04:33","slug":"map","status":"publish","type":"page","link":"https:\/\/uhv.sav.sk\/en\/map\/","title":{"rendered":"Map"},"content":{"rendered":"<p><iframe loading=\"lazy\" src=\"http:\/\/www.sav.sk\/doc\/map\/goegSAVfinal.php?ActiveInst=48\" width=\"100%\" height=\"520\" frameborder=\"0\"><br \/>\n<\/iframe><\/p>\n<p>&nbsp;<\/p>\n<p><iframe loading=\"lazy\" src=\"https:\/\/maps.google.com\/maps?f=q&amp;source=s_q&amp;hl=sk&amp;geocode=&amp;q=48.167922,+17.073666&amp;aq=&amp;sll=37.427025,-122.072182&amp;sspn=0.112737,0.194321&amp;ie=UTF8&amp;t=m&amp;z=14&amp;ll=48.167922,17.073666&amp;output=embed\" width=\"720\" height=\"520\" frameborder=\"0\" marginwidth=\"0\" marginheight=\"0\" scrolling=\"no\"><\/iframe><br \/>\n<small><a style=\"color: #0000ff; text-align: left;\" href=\"https:\/\/maps.google.com\/maps?f=q&amp;source=embed&amp;hl=sk&amp;geocode=&amp;q=48.167922,+17.073666&amp;aq=&amp;sll=37.427025,-122.072182&amp;sspn=0.112737,0.194321&amp;ie=UTF8&amp;t=m&amp;z=14&amp;ll=48.167922,17.073666\" target=\"_blank\">Zv\u00e4\u010d\u0161i\u0165 mapu<\/a><\/small><\/p>\n","protected":false},"excerpt":{"rendered":"<p>&nbsp; Zv\u00e4\u010d\u0161i\u0165 mapu<\/p>\n","protected":false},"author":1,"featured_media":0,"parent":0,"menu_order":0,"comment_status":"closed","ping_status":"closed","template":"","meta":{"_links_to":"","_links_to_target":""},"_links":{"self":[{"href":"https:\/\/uhv.sav.sk\/en\/wp-json\/wp\/v2\/pages\/95"}],"collection":[{"href":"https:\/\/uhv.sav.sk\/en\/wp-json\/wp\/v2\/pages"}],"about":[{"href":"https:\/\/uhv.sav.sk\/en\/wp-json\/wp\/v2\/types\/page"}],"author":[{"embeddable":true,"href":"https:\/\/uhv.sav.sk\/en\/wp-json\/wp\/v2\/users\/1"}],"replies":[{"embeddable":true,"href":"https:\/\/uhv.sav.sk\/en\/wp-json\/wp\/v2\/comments?post=95"}],"version-history":[{"count":1,"href":"https:\/\/uhv.sav.sk\/en\/wp-json\/wp\/v2\/pages\/95\/revisions"}],"predecessor-version":[{"id":96,"href":"https:\/\/uhv.sav.sk\/en\/wp-json\/wp\/v2\/pages\/95\/revisions\/96"}],"wp:attachment":[{"href":"https:\/\/uhv.sav.sk\/en\/wp-json\/wp\/v2\/media?parent=95"}],"curies":[{"name":"wp","href":"https:\/\/api.w.org\/{rel}","templated":true}]}}